{"id":3054,"date":"2014-10-10T08:21:55","date_gmt":"2014-10-10T07:21:55","guid":{"rendered":"http:\/\/annalinea.hr\/?page_id=3054"},"modified":"2024-04-20T08:31:22","modified_gmt":"2024-04-20T07:31:22","slug":"di-noi-2","status":"publish","type":"page","link":"https:\/\/annalinea.hr\/?page_id=3054","title":{"rendered":"Di noi&#8230;"},"content":{"rendered":"<div class=\"lRu31\" dir=\"ltr\"><span class=\"HwtZe\" lang=\"it\"><span class=\"jCAhz ChMk0b\"><span class=\"ryNqvb\">Agenzia turistica Annalinea d.o.o.-\u00a0<\/span><\/span> <span class=\"jCAhz ChMk0b\"><span class=\"ryNqvb\">sistemazione dei turisti presso case private \u200b\u200be negli alberghi e nella nuova struttura PERUNIKA B&amp;B situato a Mo\u0161\u0107eni\u010dka Draga, mediazione nella vendita delle escursioni per i turisti, organizzazione delle escursioni su richiesta, organizzazione dei trasferimenti e dei trasporti, mediazione nella vendita degli immobili ( antiquariato, terreni, case, appartamenti), organizzazione di eventi.<\/span><\/span> <\/span><\/div>\n<p><!--more--><\/p>\n<div class=\"lRu31\" dir=\"ltr\"><span class=\"HwtZe\" lang=\"it\"><span class=\"jCAhz ChMk0b\"><span class=\"ryNqvb\">Tutte queste attivit\u00e0 sono svolte da un team di persone con pluriennale esperienza nel settore turistico.<\/span><\/span> <span class=\"jCAhz ChMk0b\"><span class=\"ryNqvb\">Annalinea d.o.o.<\/span><\/span> <span class=\"jCAhz ChMk0b\"><span class=\"ryNqvb\">\u00e8 stata registrata nel 1992 e fino ad oggi svolge con successo tutte le attivit\u00e0 sopra menzionate.<\/span><\/span> <span class=\"jCAhz ChMk0b\"><span class=\"ryNqvb\">Sede secondaria di Annaline d.o.o.<\/span><\/span> <span class=\"jCAhz ChMk0b\"><span class=\"ryNqvb\">si trova nel centro di Mo\u0161\u0107eni\u010dka Draga, all&#8217;indirizzo Stari grad 1, e sulla rotonda prima dell&#8217;ingresso nel centro di Mo\u0161\u0107eni\u010dka Draga si trova il Bed &amp; Breakfast PERUNIKA &#8211; camere con colazione per turisti con piscina e terrazza solarium all&#8217;indirizzo Most 1H, una nuova struttura aperta a luglio nel 2023.<\/span><\/span> <span class=\"jCAhz ChMk0b\"><span class=\"ryNqvb\">AnnaLinea d.o.o.<\/span><\/span> <\/span><\/div>\n<div class=\"lRu31\" dir=\"ltr\"><span class=\"HwtZe\" lang=\"it\"><span class=\"jCAhz ChMk0b\"><span class=\"ryNqvb\">Rikardo Staraj, comproprietario dell&#8217;azienda, diretore \u017deljka Rubini\u0107<\/span><\/span><\/span><\/div>\n<div class=\"lRu31\" dir=\"ltr\"><span class=\"HwtZe\" lang=\"it\"><span class=\"jCAhz ChMk0b\"><span class=\"ryNqvb\">Orari di lavoro &#8211; disponibili: novembre &#8211; aprile: 09:00 &#8211; 13:00 in ufficio e reception Perunika dalle 08:00 &#8211; 12:00 o per telefono 091 3737 749, chiuso domenica e festivi<\/span><\/span> <span class=\"jCAhz ChMk0b\"><span class=\"ryNqvb\">Orario\u00a0<\/span><\/span><\/span><\/div>\n<div class=\"lRu31\" dir=\"ltr\"><span class=\"HwtZe\" lang=\"it\"><span class=\"jCAhz ChMk0b\"><span class=\"ryNqvb\">e da maggio a ottobre: \u200b\u200b09:00 &#8211; 15:00 o per telefono: 099 8067461,<\/span><\/span><\/span><\/div>\n<p>Bank: First Bank &amp; Steiermaerkische d.d. Rijeka,\u00a0 \u00a0 \u00a0 \u00a0 \u00a0 \u00a0 \u00a0 \u00a0 \u00a0 \u00a0 \u00a0 \u00a0 \u00a0Swift\/BIC: ESBCHR22<\/p>\n<p>account: IBAN: HR60 2402006 1100105339<br \/>\nKOD: HR-AB-51-040072407<br \/>\nOIB: 23593594588 ( HR 23593594588)<br \/>\nMB: 3970841<\/p>\n<p>MBS: 040072407\u00a0 \u00a0 \u00a0 \u00a0 \u00a0 \u00a0 \u00a0 \u00a0 \u00a0 \u00a0 \u00a0 \u00a0 \u00a0Tt-13\/4918-4<\/p>\n<p>Telefon: +385 51 737 207<br \/>\nMob: +385 99 806 7461<\/p>\n<p>+ 385 91 3737 749 \u017deljka Rubini\u0107 &#8211; direktor<\/p>\n<p>+ 385 91 4737474 Monika Staraj<\/p>\n<p>E-mail: <a href=\"mailto:info@annalinea.hr\">info@annalinea.hr<\/a><a href=\"mailto:annalinea@ri.t-com.hr\"><br \/>\n<\/a>Web: <a href=\"http:\/\/www.annalinea.hr\/\">www.annalinea.hr<\/a><\/p>\n<p><strong>NOTICE ON FILING CUSTOMERS\u2019 COMPLAINTS<\/strong><\/p>\n<p>Pursuant to Article 10 Paragraph 3 of the Law on Consumer Protection (Narodne novine Official Gazette No. 41\/14), we inform our clients that complaints regarding the quality of our services can be submitted in writing to: info@annalinea.hr<\/p>\n<p>You will receive a response to your complaint in writing within 15 days of receipt of the complaint. Required information: name and surname of the person filing the complaint, the exact address for submission of responses.<\/p>\n<p>&nbsp;<\/p>\n","protected":false},"excerpt":{"rendered":"<p>Agenzia turistica Annalinea d.o.o.-\u00a0 sistemazione dei turisti presso case private \u200b\u200be negli alberghi e nella nuova struttura PERUNIKA B&amp;B situato a Mo\u0161\u0107eni\u010dka Draga, mediazione nella vendita delle escursioni per i turisti, organizzazione delle escursioni&#46;&#46;&#46;<\/p>\n","protected":false},"author":3,"featured_media":17244,"parent":0,"menu_order":0,"comment_status":"closed","ping_status":"closed","template":"","meta":[],"_links":{"self":[{"href":"https:\/\/annalinea.hr\/index.php?rest_route=\/wp\/v2\/pages\/3054"}],"collection":[{"href":"https:\/\/annalinea.hr\/index.php?rest_route=\/wp\/v2\/pages"}],"about":[{"href":"https:\/\/annalinea.hr\/index.php?rest_route=\/wp\/v2\/types\/page"}],"author":[{"embeddable":true,"href":"https:\/\/annalinea.hr\/index.php?rest_route=\/wp\/v2\/users\/3"}],"replies":[{"embeddable":true,"href":"https:\/\/annalinea.hr\/index.php?rest_route=%2Fwp%2Fv2%2Fcomments&post=3054"}],"version-history":[{"count":6,"href":"https:\/\/annalinea.hr\/index.php?rest_route=\/wp\/v2\/pages\/3054\/revisions"}],"predecessor-version":[{"id":17281,"href":"https:\/\/annalinea.hr\/index.php?rest_route=\/wp\/v2\/pages\/3054\/revisions\/17281"}],"wp:featuredmedia":[{"embeddable":true,"href":"https:\/\/annalinea.hr\/index.php?rest_route=\/wp\/v2\/media\/17244"}],"wp:attachment":[{"href":"https:\/\/annalinea.hr\/index.php?rest_route=%2Fwp%2Fv2%2Fmedia&parent=3054"}],"curies":[{"name":"wp","href":"https:\/\/api.w.org\/{rel}","templated":true}]}}