{"id":2672,"date":"2014-07-30T11:04:21","date_gmt":"2014-07-30T10:04:21","guid":{"rendered":"http:\/\/annalinea.hr\/?page_id=2672"},"modified":"2014-07-30T11:04:45","modified_gmt":"2014-07-30T10:04:45","slug":"sport-e-ricreazione","status":"publish","type":"page","link":"https:\/\/annalinea.hr\/?page_id=2672","title":{"rendered":"Sport e ricreazione"},"content":{"rendered":"<p>La Draga di Moschiena n\u00e9 offre tantissimo \u2013 dallo sport attivo, attraverso la ricreazione e la sperimentazione di cose nuove come sub (diversi club subacquei), kayak, pedal\u00f2, fino alla corsa lungo la spiaggia oppure sulle scalinate verso la citt\u00e0 vecchia di Moschiena, fino ai vari sentieri segnalati nel Parco naturale U\u010dka, fare il trekking lungo il sentiero storico \u2013 mitologico\u00a0 Trebi\u0161\u0107e. C&#8217;\u00e8 un&#8217;offerta per tutti &#8211; dagli amanti dei pedal\u00f2 alle piste ciclabili in mezzo alla natura!<\/p>\n<p><!--more--><\/p>\n\n\t\t<style type=\"text\/css\">\n\t\t\t#gallery-1 {\n\t\t\t\tmargin: auto;\n\t\t\t}\n\t\t\t#gallery-1 .gallery-item {\n\t\t\t\tfloat: left;\n\t\t\t\tmargin-top: 10px;\n\t\t\t\ttext-align: center;\n\t\t\t\twidth: 33%;\n\t\t\t}\n\t\t\t#gallery-1 img {\n\t\t\t\tborder: 2px solid #cfcfcf;\n\t\t\t}\n\t\t\t#gallery-1 .gallery-caption {\n\t\t\t\tmargin-left: 0;\n\t\t\t}\n\t\t\t\/* see gallery_shortcode() in wp-includes\/media.php *\/\n\t\t<\/style>\n\t\t<div id='gallery-1' class='gallery galleryid-2672 gallery-columns-3 gallery-size-thumbnail'><dl class='gallery-item'>\n\t\t\t<dt class='gallery-icon landscape'>\n\t\t\t\t<a href='https:\/\/annalinea.hr\/wp-content\/uploads\/2014\/02\/sl5.jpg' title=\"\" data-rl_title=\"\" class=\"rl-gallery-link\" data-rl_caption=\"\" data-rel=\"lightbox-gallery-1\"><img width=\"150\" height=\"150\" src=\"https:\/\/annalinea.hr\/wp-content\/uploads\/2014\/02\/sl5-150x150.jpg\" class=\"attachment-thumbnail size-thumbnail\" alt=\"\" loading=\"lazy\" srcset=\"https:\/\/annalinea.hr\/wp-content\/uploads\/2014\/02\/sl5-150x150.jpg 150w, https:\/\/annalinea.hr\/wp-content\/uploads\/2014\/02\/sl5-160x160.jpg 160w\" sizes=\"(max-width: 150px) 100vw, 150px\" \/><\/a>\n\t\t\t<\/dt><\/dl><dl class='gallery-item'>\n\t\t\t<dt class='gallery-icon landscape'>\n\t\t\t\t<a href='https:\/\/annalinea.hr\/wp-content\/uploads\/2014\/01\/vodj-6.jpg' title=\"\" data-rl_title=\"\" class=\"rl-gallery-link\" data-rl_caption=\"\" data-rel=\"lightbox-gallery-1\"><img width=\"150\" height=\"150\" src=\"https:\/\/annalinea.hr\/wp-content\/uploads\/2014\/01\/vodj-6-150x150.jpg\" class=\"attachment-thumbnail size-thumbnail\" alt=\"\" loading=\"lazy\" srcset=\"https:\/\/annalinea.hr\/wp-content\/uploads\/2014\/01\/vodj-6-150x150.jpg 150w, https:\/\/annalinea.hr\/wp-content\/uploads\/2014\/01\/vodj-6-160x160.jpg 160w\" sizes=\"(max-width: 150px) 100vw, 150px\" \/><\/a>\n\t\t\t<\/dt><\/dl><dl class='gallery-item'>\n\t\t\t<dt class='gallery-icon landscape'>\n\t\t\t\t<a href='https:\/\/annalinea.hr\/wp-content\/uploads\/2014\/02\/KR-IS-DUIKEN4.jpg' title=\"\" data-rl_title=\"\" class=\"rl-gallery-link\" data-rl_caption=\"\" data-rel=\"lightbox-gallery-1\"><img width=\"150\" height=\"150\" src=\"https:\/\/annalinea.hr\/wp-content\/uploads\/2014\/02\/KR-IS-DUIKEN4-150x150.jpg\" class=\"attachment-thumbnail size-thumbnail\" alt=\"\" loading=\"lazy\" srcset=\"https:\/\/annalinea.hr\/wp-content\/uploads\/2014\/02\/KR-IS-DUIKEN4-150x150.jpg 150w, https:\/\/annalinea.hr\/wp-content\/uploads\/2014\/02\/KR-IS-DUIKEN4-160x160.jpg 160w\" sizes=\"(max-width: 150px) 100vw, 150px\" \/><\/a>\n\t\t\t<\/dt><\/dl><br style=\"clear: both\" \/>\n\t\t<\/div>\n\n","protected":false},"excerpt":{"rendered":"<p>La Draga di Moschiena n\u00e9 offre tantissimo \u2013 dallo sport attivo, attraverso la ricreazione e la sperimentazione di cose nuove come sub (diversi club subacquei), kayak, pedal\u00f2, fino alla corsa lungo la spiaggia oppure&#46;&#46;&#46;<\/p>\n","protected":false},"author":1,"featured_media":1613,"parent":0,"menu_order":0,"comment_status":"closed","ping_status":"closed","template":"","meta":[],"_links":{"self":[{"href":"https:\/\/annalinea.hr\/index.php?rest_route=\/wp\/v2\/pages\/2672"}],"collection":[{"href":"https:\/\/annalinea.hr\/index.php?rest_route=\/wp\/v2\/pages"}],"about":[{"href":"https:\/\/annalinea.hr\/index.php?rest_route=\/wp\/v2\/types\/page"}],"author":[{"embeddable":true,"href":"https:\/\/annalinea.hr\/index.php?rest_route=\/wp\/v2\/users\/1"}],"replies":[{"embeddable":true,"href":"https:\/\/annalinea.hr\/index.php?rest_route=%2Fwp%2Fv2%2Fcomments&post=2672"}],"version-history":[{"count":2,"href":"https:\/\/annalinea.hr\/index.php?rest_route=\/wp\/v2\/pages\/2672\/revisions"}],"predecessor-version":[{"id":2674,"href":"https:\/\/annalinea.hr\/index.php?rest_route=\/wp\/v2\/pages\/2672\/revisions\/2674"}],"wp:featuredmedia":[{"embeddable":true,"href":"https:\/\/annalinea.hr\/index.php?rest_route=\/wp\/v2\/media\/1613"}],"wp:attachment":[{"href":"https:\/\/annalinea.hr\/index.php?rest_route=%2Fwp%2Fv2%2Fmedia&parent=2672"}],"curies":[{"name":"wp","href":"https:\/\/api.w.org\/{rel}","templated":true}]}}