{"id":2603,"date":"2014-07-28T06:32:20","date_gmt":"2014-07-28T05:32:20","guid":{"rendered":"http:\/\/annalinea.hr\/?page_id=2603"},"modified":"2024-04-21T10:29:44","modified_gmt":"2024-04-21T09:29:44","slug":"contatto","status":"publish","type":"page","link":"https:\/\/annalinea.hr\/?page_id=2603","title":{"rendered":"Contatto"},"content":{"rendered":"<div style=\"float: left; width: 45%;\"><strong>AnnaLinea d.o.o.\u00a0<\/strong><br \/>\nagenzia turistica,\u00a0 \u00a0 \u00a0 Stari grad 1, Mo\u0161\u0107eni\u010dka Draga<img loading=\"lazy\" class=\"aligncenter size-medium wp-image-17302\" src=\"https:\/\/annalinea.hr\/wp-content\/uploads\/2023\/11\/20240421_091215-300x225.jpg\" alt=\"\" width=\"300\" height=\"225\" srcset=\"https:\/\/annalinea.hr\/wp-content\/uploads\/2023\/11\/20240421_091215-300x225.jpg 300w, https:\/\/annalinea.hr\/wp-content\/uploads\/2023\/11\/20240421_091215-1024x768.jpg 1024w, https:\/\/annalinea.hr\/wp-content\/uploads\/2023\/11\/20240421_091215-768x576.jpg 768w, https:\/\/annalinea.hr\/wp-content\/uploads\/2023\/11\/20240421_091215-1536x1152.jpg 1536w, https:\/\/annalinea.hr\/wp-content\/uploads\/2023\/11\/20240421_091215-2048x1536.jpg 2048w\" sizes=\"(max-width: 300px) 100vw, 300px\" \/>\u00a0 \u00a0 \u00a0 \u00a0 \u00a0 \u00a0 \u00a0 \u00a0 \u00a0 \u00a0 \u00a0 \u00a0 \u00a0 \u00a0 \u00a0 \u00a0 \u00a0 \u00a0alla rotonda B&amp;B PERUNIKA, Most 1 H, Mo\u0161\u0107eni\u010dka Draga<br \/>\nBanka: Erste &amp; Steiermaerkische bank d.d. Rijeka<br \/>\nSwift\/BIC: ESBCHR22<br \/>\nKOD: HR-AB-51-040072407<br \/>\nOIB: 23593594588<br \/>\nMB: 3970841<br \/>\nIBAN: HR60 2402006 1100105339Tel: +385 51 737 207<br \/>\nMob: +385 99 806 7461<\/p>\n<p>+ 385 91 3737749 \u017deljka Rubini\u0107<\/p>\n<p>+385 911737474 Monika Staraj<\/p>\n<p>E-mail:<br \/>\n<a href=\"mailto:info@annalinea.hr\">info@annalinea.hr<\/a><\/p>\n<p><span style=\"line-height: 1.5em;\">Web:<br \/>\n<\/span><a style=\"line-height: 1.5em;\" href=\"http:\/\/www.annalinea.hr\">www.annalinea.hr<br \/>\n<\/a><\/p>\n<\/div>\n<div style=\"float: right; width: 50%;\"><\/div>\n","protected":false},"excerpt":{"rendered":"<p>AnnaLinea d.o.o.\u00a0 agenzia turistica,\u00a0 \u00a0 \u00a0 Stari grad 1, Mo\u0161\u0107eni\u010dka Draga\u00a0 \u00a0 \u00a0 \u00a0 \u00a0 \u00a0 \u00a0 \u00a0 \u00a0 \u00a0 \u00a0 \u00a0 \u00a0 \u00a0 \u00a0 \u00a0 \u00a0 \u00a0alla rotonda B&amp;B PERUNIKA, Most 1 H,&#46;&#46;&#46;<\/p>\n","protected":false},"author":1,"featured_media":17315,"parent":0,"menu_order":0,"comment_status":"closed","ping_status":"closed","template":"","meta":[],"_links":{"self":[{"href":"https:\/\/annalinea.hr\/index.php?rest_route=\/wp\/v2\/pages\/2603"}],"collection":[{"href":"https:\/\/annalinea.hr\/index.php?rest_route=\/wp\/v2\/pages"}],"about":[{"href":"https:\/\/annalinea.hr\/index.php?rest_route=\/wp\/v2\/types\/page"}],"author":[{"embeddable":true,"href":"https:\/\/annalinea.hr\/index.php?rest_route=\/wp\/v2\/users\/1"}],"replies":[{"embeddable":true,"href":"https:\/\/annalinea.hr\/index.php?rest_route=%2Fwp%2Fv2%2Fcomments&post=2603"}],"version-history":[{"count":15,"href":"https:\/\/annalinea.hr\/index.php?rest_route=\/wp\/v2\/pages\/2603\/revisions"}],"predecessor-version":[{"id":17324,"href":"https:\/\/annalinea.hr\/index.php?rest_route=\/wp\/v2\/pages\/2603\/revisions\/17324"}],"wp:featuredmedia":[{"embeddable":true,"href":"https:\/\/annalinea.hr\/index.php?rest_route=\/wp\/v2\/media\/17315"}],"wp:attachment":[{"href":"https:\/\/annalinea.hr\/index.php?rest_route=%2Fwp%2Fv2%2Fmedia&parent=2603"}],"curies":[{"name":"wp","href":"https:\/\/api.w.org\/{rel}","templated":true}]}}