{"id":2574,"date":"2014-07-28T05:55:58","date_gmt":"2014-07-28T04:55:58","guid":{"rendered":"http:\/\/annalinea.hr\/?page_id=2574"},"modified":"2014-07-28T05:57:11","modified_gmt":"2014-07-28T04:57:11","slug":"moscenicka-draga","status":"publish","type":"page","link":"https:\/\/annalinea.hr\/?page_id=2574","title":{"rendered":"Mo\u0161\u0107eni\u010dka Draga"},"content":{"rendered":"<p><b>Die Gemeinde Mo\u0161\u0107eni\u010dka Draga\u00a0<\/b>ist ein bekanntes Reiseziel, das aus den Orten Mo\u0161\u0107eni\u010dka Draga, Brse\u010d, Mo\u0161\u0107enice und vielen kleineren Siedlungen verteilt auf die umliegenden Berge, besteht. Vom kleinen Fischerort hat sich Mo\u0161\u010deni\u010dka Draga zu einer wahren Perle an der Riviera Opatija entwickelt, der mit dem Eindruck, den der Ort bei den Besuchern erweckt, mit seiner Architektur und dem typischen mediterranen Ambiente an das italienische Portofino erinnert. Die Gemeinde Mo\u0161\u010deni\u0107ka Draga hat um die 1500 gemeldete Einwohner, w\u00e4hrend diese Zahl im Sommer auf 2500 anw\u00e4chst.<!--more--><\/p>\n<p>Unterkunft finden Besucher bei den Privatvermieter in deren Appartements und in Zimmern, sowie in den Hotels Marina und Mediteran, im Camp &#8216;Draga&#8217; und in Ferienh\u00e4usern \u2013 zum gr\u00f6ssten Teil handelt es sich um renovierte Steinh\u00e4user auf Bergh\u00e4ngen und Luxusvillas entlang der Strandpromenade Lungomare. Dazu bietet Mo\u0161\u0107eni\u010dka Draga hervorragende Fischrestaurants und f\u00fcr ihre Tradition bekannte Gasth\u00e4user, sowie Sportvereine mit vielseitigen Angebot, Tourismus f\u00fcr Amateursportler und viele Wanderpfade f\u00fcr Naturbegeisterte. Mo\u0161\u0107eni\u010dka Draga hat auch viel Kultur und Geschichte zu bieten \u2013 der ganze Stolz ist die Altstadt von Mo\u0161\u0107enice, dann Brse\u010d, viele Kirchen, das Erbe der Glagoliza und mehrere andere Zeugen der Geschichte und Spuren eine alten Kultur, die einen Besuch wert sind.<br \/>\n\n\t\t<style type=\"text\/css\">\n\t\t\t#gallery-1 {\n\t\t\t\tmargin: auto;\n\t\t\t}\n\t\t\t#gallery-1 .gallery-item {\n\t\t\t\tfloat: left;\n\t\t\t\tmargin-top: 10px;\n\t\t\t\ttext-align: center;\n\t\t\t\twidth: 33%;\n\t\t\t}\n\t\t\t#gallery-1 img {\n\t\t\t\tborder: 2px solid #cfcfcf;\n\t\t\t}\n\t\t\t#gallery-1 .gallery-caption {\n\t\t\t\tmargin-left: 0;\n\t\t\t}\n\t\t\t\/* see gallery_shortcode() in wp-includes\/media.php *\/\n\t\t<\/style>\n\t\t<div id='gallery-1' class='gallery galleryid-2574 gallery-columns-3 gallery-size-thumbnail'><dl class='gallery-item'>\n\t\t\t<dt class='gallery-icon landscape'>\n\t\t\t\t<a href='https:\/\/annalinea.hr\/wp-content\/uploads\/2014\/01\/a_DSCN1586.jpg' title=\"\" data-rl_title=\"\" class=\"rl-gallery-link\" data-rl_caption=\"\" data-rel=\"lightbox-gallery-1\"><img width=\"150\" height=\"150\" src=\"https:\/\/annalinea.hr\/wp-content\/uploads\/2014\/01\/a_DSCN1586-150x150.jpg\" class=\"attachment-thumbnail size-thumbnail\" alt=\"\" loading=\"lazy\" srcset=\"https:\/\/annalinea.hr\/wp-content\/uploads\/2014\/01\/a_DSCN1586-150x150.jpg 150w, https:\/\/annalinea.hr\/wp-content\/uploads\/2014\/01\/a_DSCN1586-160x160.jpg 160w\" sizes=\"(max-width: 150px) 100vw, 150px\" \/><\/a>\n\t\t\t<\/dt><\/dl><dl class='gallery-item'>\n\t\t\t<dt class='gallery-icon landscape'>\n\t\t\t\t<a href='https:\/\/annalinea.hr\/wp-content\/uploads\/2014\/01\/a_DSCN1810.jpg' title=\"\" data-rl_title=\"\" class=\"rl-gallery-link\" data-rl_caption=\"\" data-rel=\"lightbox-gallery-1\"><img width=\"150\" height=\"150\" src=\"https:\/\/annalinea.hr\/wp-content\/uploads\/2014\/01\/a_DSCN1810-150x150.jpg\" class=\"attachment-thumbnail size-thumbnail\" alt=\"\" loading=\"lazy\" srcset=\"https:\/\/annalinea.hr\/wp-content\/uploads\/2014\/01\/a_DSCN1810-150x150.jpg 150w, https:\/\/annalinea.hr\/wp-content\/uploads\/2014\/01\/a_DSCN1810-160x160.jpg 160w\" sizes=\"(max-width: 150px) 100vw, 150px\" \/><\/a>\n\t\t\t<\/dt><\/dl><dl class='gallery-item'>\n\t\t\t<dt class='gallery-icon landscape'>\n\t\t\t\t<a href='https:\/\/annalinea.hr\/wp-content\/uploads\/2014\/01\/DSCN1617.jpg' title=\"\" data-rl_title=\"\" class=\"rl-gallery-link\" data-rl_caption=\"\" data-rel=\"lightbox-gallery-1\"><img width=\"150\" height=\"150\" src=\"https:\/\/annalinea.hr\/wp-content\/uploads\/2014\/01\/DSCN1617-150x150.jpg\" class=\"attachment-thumbnail size-thumbnail\" alt=\"\" loading=\"lazy\" srcset=\"https:\/\/annalinea.hr\/wp-content\/uploads\/2014\/01\/DSCN1617-150x150.jpg 150w, https:\/\/annalinea.hr\/wp-content\/uploads\/2014\/01\/DSCN1617-160x160.jpg 160w\" sizes=\"(max-width: 150px) 100vw, 150px\" \/><\/a>\n\t\t\t<\/dt><\/dl><br style=\"clear: both\" \/><dl class='gallery-item'>\n\t\t\t<dt class='gallery-icon landscape'>\n\t\t\t\t<a href='https:\/\/annalinea.hr\/wp-content\/uploads\/2014\/01\/a_DSCN1781.jpg' title=\"\" data-rl_title=\"\" class=\"rl-gallery-link\" data-rl_caption=\"\" data-rel=\"lightbox-gallery-1\"><img width=\"150\" height=\"150\" src=\"https:\/\/annalinea.hr\/wp-content\/uploads\/2014\/01\/a_DSCN1781-150x150.jpg\" class=\"attachment-thumbnail size-thumbnail\" alt=\"\" loading=\"lazy\" aria-describedby=\"gallery-1-1943\" srcset=\"https:\/\/annalinea.hr\/wp-content\/uploads\/2014\/01\/a_DSCN1781-150x150.jpg 150w, https:\/\/annalinea.hr\/wp-content\/uploads\/2014\/01\/a_DSCN1781-160x160.jpg 160w\" sizes=\"(max-width: 150px) 100vw, 150px\" \/><\/a>\n\t\t\t<\/dt>\n\t\t\t\t<dd class='wp-caption-text gallery-caption' id='gallery-1-1943'>\n\t\t\t\tPogled \n\t\t\t\t<\/dd><\/dl>\n\t\t\t<br style='clear: both' \/>\n\t\t<\/div>\n<\/p>\n","protected":false},"excerpt":{"rendered":"<p>Die Gemeinde Mo\u0161\u0107eni\u010dka Draga\u00a0ist ein bekanntes Reiseziel, das aus den Orten Mo\u0161\u0107eni\u010dka Draga, Brse\u010d, Mo\u0161\u0107enice und vielen kleineren Siedlungen verteilt auf die umliegenden Berge, besteht. Vom kleinen Fischerort hat sich Mo\u0161\u010deni\u010dka Draga zu einer&#46;&#46;&#46;<\/p>\n","protected":false},"author":1,"featured_media":608,"parent":0,"menu_order":0,"comment_status":"closed","ping_status":"closed","template":"","meta":[],"_links":{"self":[{"href":"https:\/\/annalinea.hr\/index.php?rest_route=\/wp\/v2\/pages\/2574"}],"collection":[{"href":"https:\/\/annalinea.hr\/index.php?rest_route=\/wp\/v2\/pages"}],"about":[{"href":"https:\/\/annalinea.hr\/index.php?rest_route=\/wp\/v2\/types\/page"}],"author":[{"embeddable":true,"href":"https:\/\/annalinea.hr\/index.php?rest_route=\/wp\/v2\/users\/1"}],"replies":[{"embeddable":true,"href":"https:\/\/annalinea.hr\/index.php?rest_route=%2Fwp%2Fv2%2Fcomments&post=2574"}],"version-history":[{"count":3,"href":"https:\/\/annalinea.hr\/index.php?rest_route=\/wp\/v2\/pages\/2574\/revisions"}],"predecessor-version":[{"id":4212,"href":"https:\/\/annalinea.hr\/index.php?rest_route=\/wp\/v2\/pages\/2574\/revisions\/4212"}],"wp:featuredmedia":[{"embeddable":true,"href":"https:\/\/annalinea.hr\/index.php?rest_route=\/wp\/v2\/media\/608"}],"wp:attachment":[{"href":"https:\/\/annalinea.hr\/index.php?rest_route=%2Fwp%2Fv2%2Fmedia&parent=2574"}],"curies":[{"name":"wp","href":"https:\/\/api.w.org\/{rel}","templated":true}]}}