{"id":2489,"date":"2014-07-24T15:27:51","date_gmt":"2014-07-24T14:27:51","guid":{"rendered":"http:\/\/annalinea.hr\/?page_id=2489"},"modified":"2015-02-11T11:47:34","modified_gmt":"2015-02-11T10:47:34","slug":"moscenice-2","status":"publish","type":"page","link":"https:\/\/annalinea.hr\/?page_id=2489","title":{"rendered":"Mo\u0161\u0107enice"},"content":{"rendered":"<p style=\"text-align: justify;\">The most important day in the calendar of Mo\u0161\u010denice is the Kandalora or candle festivity, where the faithful locals take a candle for blessing to the church of Sv. Andrija; this date is celebrated as a historically significant day in early February.<br \/>\n<!--more--><\/p>\n<p>The history of the place Mo\u0161\u010denice experienced one of its highlights in the first half of the 17th century with its own Statute. Important for the story of Mo\u0161\u0107enice is the Negovetich de Cumbox family which was knighted in 1687. Another family which cannot be avoided in the history of Mo\u0161\u0107enice are the Habsburgs, whose family crest and the year of the rebuilding is still visible on the city gate. As part of the new Austrian territories Mo\u0161\u010denice became an independent municipality in 1896.<\/p>\n<p>Visit the ethnographic collection, right at the gate to the old town, where even today a considerable number of traditional folk costumes, tools and decorative utensils are kept &#8211; all witnesses of the life of our ancestors. Right next door, the old olive mill waits for you &#8211; the Mo\u0161\u0107eni\u010dki To\u0161 &#8211; over three hundred years old and a symbol of this medieval town. Do not forget to drop by the town loggia, the Stra\u017cnica, then look into the past at the Kosnica, the square behind the church &#8211; once a local cemetery; it goes on to the former town cistern, the \u0160terna, then up to the castle at the city gate, today the elementary school. In the ground floor is a gallery and a showroom. According to the Law on the Protection of Historical Monuments, the old town of Mo\u0161\u010denice has been added to the list of the immovable cultural heritage in 1968.<\/p>\n<p>In any case, the rich sacral heritage in Mo\u0161\u010denice is worth seeing, so you should take the time to study everything thoroughly. Here is a list: the parish church of Sv. Andrija Apostol, the churches of Sv. Bartol and Sv. Sebastijan and the chapel Kri\u017eni put on the Kalvarija Hill. Besides the Perun restaurant and pension, there is a new tavern called &#8216;Tu Tamo&#8217; in the heart of Mo\u0161\u010denice. Romantic private rooms and beautiful apartments can be rented in the old town and the surrounding area.<\/p>\n<p>A street leads from Mo\u0161\u0107enice \u2013 you can walk or drive; who prefers the stairs, they will take him down to the Sv. Ivan beach.<\/p>\n\n\t\t<style type=\"text\/css\">\n\t\t\t#gallery-1 {\n\t\t\t\tmargin: auto;\n\t\t\t}\n\t\t\t#gallery-1 .gallery-item {\n\t\t\t\tfloat: left;\n\t\t\t\tmargin-top: 10px;\n\t\t\t\ttext-align: center;\n\t\t\t\twidth: 33%;\n\t\t\t}\n\t\t\t#gallery-1 img {\n\t\t\t\tborder: 2px solid #cfcfcf;\n\t\t\t}\n\t\t\t#gallery-1 .gallery-caption {\n\t\t\t\tmargin-left: 0;\n\t\t\t}\n\t\t\t\/* see gallery_shortcode() in wp-includes\/media.php *\/\n\t\t<\/style>\n\t\t<div id='gallery-1' class='gallery galleryid-2489 gallery-columns-3 gallery-size-thumbnail'><dl class='gallery-item'>\n\t\t\t<dt class='gallery-icon landscape'>\n\t\t\t\t<a href='https:\/\/annalinea.hr\/wp-content\/uploads\/2014\/02\/8462808.jpg' title=\"\" data-rl_title=\"\" class=\"rl-gallery-link\" data-rl_caption=\"\" data-rel=\"lightbox-gallery-1\"><img width=\"150\" height=\"150\" src=\"https:\/\/annalinea.hr\/wp-content\/uploads\/2014\/02\/8462808-150x150.jpg\" class=\"attachment-thumbnail size-thumbnail\" alt=\"\" loading=\"lazy\" srcset=\"https:\/\/annalinea.hr\/wp-content\/uploads\/2014\/02\/8462808-150x150.jpg 150w, https:\/\/annalinea.hr\/wp-content\/uploads\/2014\/02\/8462808-160x160.jpg 160w\" sizes=\"(max-width: 150px) 100vw, 150px\" \/><\/a>\n\t\t\t<\/dt><\/dl><dl class='gallery-item'>\n\t\t\t<dt class='gallery-icon landscape'>\n\t\t\t\t<a href='https:\/\/annalinea.hr\/wp-content\/uploads\/2014\/02\/005634-001.jpg' title=\"\" data-rl_title=\"\" class=\"rl-gallery-link\" data-rl_caption=\"\" data-rel=\"lightbox-gallery-1\"><img width=\"150\" height=\"150\" src=\"https:\/\/annalinea.hr\/wp-content\/uploads\/2014\/02\/005634-001-150x150.jpg\" class=\"attachment-thumbnail size-thumbnail\" alt=\"\" loading=\"lazy\" srcset=\"https:\/\/annalinea.hr\/wp-content\/uploads\/2014\/02\/005634-001-150x150.jpg 150w, https:\/\/annalinea.hr\/wp-content\/uploads\/2014\/02\/005634-001-160x160.jpg 160w\" sizes=\"(max-width: 150px) 100vw, 150px\" \/><\/a>\n\t\t\t<\/dt><\/dl><dl class='gallery-item'>\n\t\t\t<dt class='gallery-icon landscape'>\n\t\t\t\t<a href='https:\/\/annalinea.hr\/wp-content\/uploads\/2014\/02\/33-40.jpg' title=\"\" data-rl_title=\"\" class=\"rl-gallery-link\" data-rl_caption=\"\" data-rel=\"lightbox-gallery-1\"><img width=\"150\" height=\"150\" src=\"https:\/\/annalinea.hr\/wp-content\/uploads\/2014\/02\/33-40-150x150.jpg\" class=\"attachment-thumbnail size-thumbnail\" alt=\"\" loading=\"lazy\" srcset=\"https:\/\/annalinea.hr\/wp-content\/uploads\/2014\/02\/33-40-150x150.jpg 150w, https:\/\/annalinea.hr\/wp-content\/uploads\/2014\/02\/33-40-160x160.jpg 160w\" sizes=\"(max-width: 150px) 100vw, 150px\" \/><\/a>\n\t\t\t<\/dt><\/dl><br style=\"clear: both\" \/><dl class='gallery-item'>\n\t\t\t<dt class='gallery-icon landscape'>\n\t\t\t\t<a href='https:\/\/annalinea.hr\/wp-content\/uploads\/2014\/02\/P5120793.jpg' title=\"\" data-rl_title=\"\" class=\"rl-gallery-link\" data-rl_caption=\"\" data-rel=\"lightbox-gallery-1\"><img width=\"150\" height=\"150\" src=\"https:\/\/annalinea.hr\/wp-content\/uploads\/2014\/02\/P5120793-150x150.jpg\" class=\"attachment-thumbnail size-thumbnail\" alt=\"\" loading=\"lazy\" srcset=\"https:\/\/annalinea.hr\/wp-content\/uploads\/2014\/02\/P5120793-150x150.jpg 150w, https:\/\/annalinea.hr\/wp-content\/uploads\/2014\/02\/P5120793-160x160.jpg 160w\" sizes=\"(max-width: 150px) 100vw, 150px\" \/><\/a>\n\t\t\t<\/dt><\/dl><dl class='gallery-item'>\n\t\t\t<dt class='gallery-icon landscape'>\n\t\t\t\t<a href='https:\/\/annalinea.hr\/wp-content\/uploads\/2014\/02\/P5120792.jpg' title=\"\" data-rl_title=\"\" class=\"rl-gallery-link\" data-rl_caption=\"\" data-rel=\"lightbox-gallery-1\"><img width=\"150\" height=\"150\" src=\"https:\/\/annalinea.hr\/wp-content\/uploads\/2014\/02\/P5120792-150x150.jpg\" class=\"attachment-thumbnail size-thumbnail\" alt=\"\" loading=\"lazy\" srcset=\"https:\/\/annalinea.hr\/wp-content\/uploads\/2014\/02\/P5120792-150x150.jpg 150w, https:\/\/annalinea.hr\/wp-content\/uploads\/2014\/02\/P5120792-160x160.jpg 160w\" sizes=\"(max-width: 150px) 100vw, 150px\" \/><\/a>\n\t\t\t<\/dt><\/dl><dl class='gallery-item'>\n\t\t\t<dt class='gallery-icon landscape'>\n\t\t\t\t<a href='https:\/\/annalinea.hr\/wp-content\/uploads\/2014\/02\/photo_1236528300_2_118.jpg' title=\"\" data-rl_title=\"\" class=\"rl-gallery-link\" data-rl_caption=\"\" data-rel=\"lightbox-gallery-1\"><img width=\"150\" height=\"150\" src=\"https:\/\/annalinea.hr\/wp-content\/uploads\/2014\/02\/photo_1236528300_2_118-150x150.jpg\" class=\"attachment-thumbnail size-thumbnail\" alt=\"\" loading=\"lazy\" srcset=\"https:\/\/annalinea.hr\/wp-content\/uploads\/2014\/02\/photo_1236528300_2_118-150x150.jpg 150w, https:\/\/annalinea.hr\/wp-content\/uploads\/2014\/02\/photo_1236528300_2_118-160x160.jpg 160w\" sizes=\"(max-width: 150px) 100vw, 150px\" \/><\/a>\n\t\t\t<\/dt><\/dl><br style=\"clear: both\" \/><dl class='gallery-item'>\n\t\t\t<dt class='gallery-icon landscape'>\n\t\t\t\t<a href='https:\/\/annalinea.hr\/wp-content\/uploads\/2014\/02\/moscenice2011301.jpg' title=\"\" data-rl_title=\"\" class=\"rl-gallery-link\" data-rl_caption=\"\" data-rel=\"lightbox-gallery-1\"><img width=\"150\" height=\"150\" src=\"https:\/\/annalinea.hr\/wp-content\/uploads\/2014\/02\/moscenice2011301-150x150.jpg\" class=\"attachment-thumbnail size-thumbnail\" alt=\"\" loading=\"lazy\" srcset=\"https:\/\/annalinea.hr\/wp-content\/uploads\/2014\/02\/moscenice2011301-150x150.jpg 150w, https:\/\/annalinea.hr\/wp-content\/uploads\/2014\/02\/moscenice2011301-160x160.jpg 160w\" sizes=\"(max-width: 150px) 100vw, 150px\" \/><\/a>\n\t\t\t<\/dt><\/dl><dl class='gallery-item'>\n\t\t\t<dt class='gallery-icon landscape'>\n\t\t\t\t<a href='https:\/\/annalinea.hr\/wp-content\/uploads\/2014\/02\/moscenice2011102.jpg' title=\"\" data-rl_title=\"\" class=\"rl-gallery-link\" data-rl_caption=\"\" data-rel=\"lightbox-gallery-1\"><img width=\"150\" height=\"150\" src=\"https:\/\/annalinea.hr\/wp-content\/uploads\/2014\/02\/moscenice2011102-150x150.jpg\" class=\"attachment-thumbnail size-thumbnail\" alt=\"\" loading=\"lazy\" srcset=\"https:\/\/annalinea.hr\/wp-content\/uploads\/2014\/02\/moscenice2011102-150x150.jpg 150w, https:\/\/annalinea.hr\/wp-content\/uploads\/2014\/02\/moscenice2011102-160x160.jpg 160w\" sizes=\"(max-width: 150px) 100vw, 150px\" \/><\/a>\n\t\t\t<\/dt><\/dl>\n\t\t\t<br style='clear: both' \/>\n\t\t<\/div>\n\n<div id=\"right\"><\/div>\n","protected":false},"excerpt":{"rendered":"<p>The most important day in the calendar of Mo\u0161\u010denice is the Kandalora or candle festivity, where the faithful locals take a candle for blessing to the church of Sv. Andrija; this date is celebrated&#46;&#46;&#46;<\/p>\n","protected":false},"author":1,"featured_media":1476,"parent":0,"menu_order":0,"comment_status":"closed","ping_status":"closed","template":"","meta":[],"_links":{"self":[{"href":"https:\/\/annalinea.hr\/index.php?rest_route=\/wp\/v2\/pages\/2489"}],"collection":[{"href":"https:\/\/annalinea.hr\/index.php?rest_route=\/wp\/v2\/pages"}],"about":[{"href":"https:\/\/annalinea.hr\/index.php?rest_route=\/wp\/v2\/types\/page"}],"author":[{"embeddable":true,"href":"https:\/\/annalinea.hr\/index.php?rest_route=\/wp\/v2\/users\/1"}],"replies":[{"embeddable":true,"href":"https:\/\/annalinea.hr\/index.php?rest_route=%2Fwp%2Fv2%2Fcomments&post=2489"}],"version-history":[{"count":3,"href":"https:\/\/annalinea.hr\/index.php?rest_route=\/wp\/v2\/pages\/2489\/revisions"}],"predecessor-version":[{"id":4214,"href":"https:\/\/annalinea.hr\/index.php?rest_route=\/wp\/v2\/pages\/2489\/revisions\/4214"}],"wp:featuredmedia":[{"embeddable":true,"href":"https:\/\/annalinea.hr\/index.php?rest_route=\/wp\/v2\/media\/1476"}],"wp:attachment":[{"href":"https:\/\/annalinea.hr\/index.php?rest_route=%2Fwp%2Fv2%2Fmedia&parent=2489"}],"curies":[{"name":"wp","href":"https:\/\/api.w.org\/{rel}","templated":true}]}}