{"id":2487,"date":"2014-07-24T15:26:10","date_gmt":"2014-07-24T14:26:10","guid":{"rendered":"http:\/\/annalinea.hr\/?page_id=2487"},"modified":"2015-02-11T11:55:22","modified_gmt":"2015-02-11T10:55:22","slug":"brsec-2","status":"publish","type":"page","link":"https:\/\/annalinea.hr\/?page_id=2487","title":{"rendered":"Brse\u010d"},"content":{"rendered":"<p style=\"text-align: justify;\">Until today the medieval soul was preserved in the old town and its narrow alleys and passageways. Most of the townhouses were built in the 17th century, while the city wall, the fortress and the bell tower are from the early medieval period.<br \/>\n<!--more-->\u00a0The Castello with the historical town centre is even older &#8211; the actual settlement started its development right here. The houses are a typical example of the coastal architecture and on some houses are still today the inscriptions in Glagolithic script. Brse\u010d, as many other places, has its own olive mill from the 17th century; that was the time when Josip Marovi\u0107, the parish priest, erected the Ma\u0161unerija house, a beautiful residential building with many rooms, workshops and a lodge. He also renewed the parish church. The old market was the first building erected around the city fountain, which was later developed into the city centre &#8211; this includes the school of Brse\u010d built in 1868.<\/p>\n<p>Here are just some of the important sacral buildings in the Brse\u010d Parish: the parish church of Sv. Juraj, the church of Sv. Kri\u017e, the church of Sv. Magdalena, the cemetery church of Sv. Stjepan and the church of Sv. Jelena in the village bearing the same name, and the chapel of Sv. Nikola in Golovik.<\/p>\n<p>The small church of Sv. Magdalena is not one of the better known, however, the view from the steep rock on which it was built, is stunning.<\/p>\n<p>In the town loggia, at the gate to the town, stands the bust of the famous Croatian writer and politician Eugen Kumi\u010di\u0107. In Brse\u010d still stands his birthplace, today a library, and the truly impressive gallery Eugen K where eminent Croatian and international artists exhibit their works.<\/p>\n<p>The sculptor Ljubo de Karina lives 2 km from Brse\u010d, in the small village Zagore, therefore a visit to this open-air gallery is more than recommended. His sculptures can be seen in public buildings in Croatia, Germany, Italy, Slovenia and Japan.<\/p>\n<p>Visitors can easily find accommodation occasions in private rooms and apartments in Brse\u010d and its surrounding.<\/p>\n\n\t\t<style type=\"text\/css\">\n\t\t\t#gallery-1 {\n\t\t\t\tmargin: auto;\n\t\t\t}\n\t\t\t#gallery-1 .gallery-item {\n\t\t\t\tfloat: left;\n\t\t\t\tmargin-top: 10px;\n\t\t\t\ttext-align: center;\n\t\t\t\twidth: 33%;\n\t\t\t}\n\t\t\t#gallery-1 img {\n\t\t\t\tborder: 2px solid #cfcfcf;\n\t\t\t}\n\t\t\t#gallery-1 .gallery-caption {\n\t\t\t\tmargin-left: 0;\n\t\t\t}\n\t\t\t\/* see gallery_shortcode() in wp-includes\/media.php *\/\n\t\t<\/style>\n\t\t<div id='gallery-1' class='gallery galleryid-2487 gallery-columns-3 gallery-size-thumbnail'><dl class='gallery-item'>\n\t\t\t<dt class='gallery-icon landscape'>\n\t\t\t\t<a href='https:\/\/annalinea.hr\/wp-content\/uploads\/2014\/01\/DSC00226.jpg' title=\"\" data-rl_title=\"\" class=\"rl-gallery-link\" data-rl_caption=\"\" data-rel=\"lightbox-gallery-1\"><img width=\"150\" height=\"113\" src=\"https:\/\/annalinea.hr\/wp-content\/uploads\/2014\/01\/DSC00226.jpg\" class=\"attachment-thumbnail size-thumbnail\" alt=\"\" loading=\"lazy\" \/><\/a>\n\t\t\t<\/dt><\/dl><dl class='gallery-item'>\n\t\t\t<dt class='gallery-icon landscape'>\n\t\t\t\t<a href='https:\/\/annalinea.hr\/wp-content\/uploads\/2014\/01\/DSC00208.jpg' title=\"\" data-rl_title=\"\" class=\"rl-gallery-link\" data-rl_caption=\"\" data-rel=\"lightbox-gallery-1\"><img width=\"150\" height=\"113\" src=\"https:\/\/annalinea.hr\/wp-content\/uploads\/2014\/01\/DSC00208.jpg\" class=\"attachment-thumbnail size-thumbnail\" alt=\"\" loading=\"lazy\" \/><\/a>\n\t\t\t<\/dt><\/dl><dl class='gallery-item'>\n\t\t\t<dt class='gallery-icon portrait'>\n\t\t\t\t<a href='https:\/\/annalinea.hr\/wp-content\/uploads\/2014\/01\/DSC00207-001.jpg' title=\"\" data-rl_title=\"\" class=\"rl-gallery-link\" data-rl_caption=\"\" data-rel=\"lightbox-gallery-1\"><img width=\"113\" height=\"150\" src=\"https:\/\/annalinea.hr\/wp-content\/uploads\/2014\/01\/DSC00207-001.jpg\" class=\"attachment-thumbnail size-thumbnail\" alt=\"\" loading=\"lazy\" \/><\/a>\n\t\t\t<\/dt><\/dl><br style=\"clear: both\" \/><dl class='gallery-item'>\n\t\t\t<dt class='gallery-icon landscape'>\n\t\t\t\t<a href='https:\/\/annalinea.hr\/wp-content\/uploads\/2014\/01\/DSC00205.jpg' title=\"\" data-rl_title=\"\" class=\"rl-gallery-link\" data-rl_caption=\"\" data-rel=\"lightbox-gallery-1\"><img width=\"150\" height=\"113\" src=\"https:\/\/annalinea.hr\/wp-content\/uploads\/2014\/01\/DSC00205.jpg\" class=\"attachment-thumbnail size-thumbnail\" alt=\"\" loading=\"lazy\" \/><\/a>\n\t\t\t<\/dt><\/dl><dl class='gallery-item'>\n\t\t\t<dt class='gallery-icon landscape'>\n\t\t\t\t<a href='https:\/\/annalinea.hr\/wp-content\/uploads\/2014\/01\/DSC00203-001.jpg' title=\"\" data-rl_title=\"\" class=\"rl-gallery-link\" data-rl_caption=\"\" data-rel=\"lightbox-gallery-1\"><img width=\"150\" height=\"113\" src=\"https:\/\/annalinea.hr\/wp-content\/uploads\/2014\/01\/DSC00203-001.jpg\" class=\"attachment-thumbnail size-thumbnail\" alt=\"\" loading=\"lazy\" aria-describedby=\"gallery-1-1370\" \/><\/a>\n\t\t\t<\/dt>\n\t\t\t\t<dd class='wp-caption-text gallery-caption' id='gallery-1-1370'>\n\t\t\t\tSv. Magdalena\n\t\t\t\t<\/dd><\/dl><dl class='gallery-item'>\n\t\t\t<dt class='gallery-icon landscape'>\n\t\t\t\t<a href='https:\/\/annalinea.hr\/wp-content\/uploads\/2014\/01\/DSC00191.jpg' title=\"\" data-rl_title=\"\" class=\"rl-gallery-link\" data-rl_caption=\"\" data-rel=\"lightbox-gallery-1\"><img width=\"150\" height=\"113\" src=\"https:\/\/annalinea.hr\/wp-content\/uploads\/2014\/01\/DSC00191.jpg\" class=\"attachment-thumbnail size-thumbnail\" alt=\"\" loading=\"lazy\" \/><\/a>\n\t\t\t<\/dt><\/dl><br style=\"clear: both\" \/><dl class='gallery-item'>\n\t\t\t<dt class='gallery-icon portrait'>\n\t\t\t\t<a href='https:\/\/annalinea.hr\/wp-content\/uploads\/2014\/01\/DSC00190.jpg' title=\"\" data-rl_title=\"\" class=\"rl-gallery-link\" data-rl_caption=\"\" data-rel=\"lightbox-gallery-1\"><img width=\"113\" height=\"150\" src=\"https:\/\/annalinea.hr\/wp-content\/uploads\/2014\/01\/DSC00190.jpg\" class=\"attachment-thumbnail size-thumbnail\" alt=\"\" loading=\"lazy\" \/><\/a>\n\t\t\t<\/dt><\/dl><dl class='gallery-item'>\n\t\t\t<dt class='gallery-icon portrait'>\n\t\t\t\t<a href='https:\/\/annalinea.hr\/wp-content\/uploads\/2014\/01\/DSC00181.jpg' title=\"\" data-rl_title=\"\" class=\"rl-gallery-link\" data-rl_caption=\"\" data-rel=\"lightbox-gallery-1\"><img width=\"113\" height=\"150\" src=\"https:\/\/annalinea.hr\/wp-content\/uploads\/2014\/01\/DSC00181.jpg\" class=\"attachment-thumbnail size-thumbnail\" alt=\"\" loading=\"lazy\" aria-describedby=\"gallery-1-1365\" \/><\/a>\n\t\t\t<\/dt>\n\t\t\t\t<dd class='wp-caption-text gallery-caption' id='gallery-1-1365'>\n\t\t\t\t\u0160terna\n\t\t\t\t<\/dd><\/dl><dl class='gallery-item'>\n\t\t\t<dt class='gallery-icon portrait'>\n\t\t\t\t<a href='https:\/\/annalinea.hr\/wp-content\/uploads\/2014\/01\/DSC00178.jpg' title=\"\" data-rl_title=\"\" class=\"rl-gallery-link\" data-rl_caption=\"\" data-rel=\"lightbox-gallery-1\"><img width=\"113\" height=\"150\" src=\"https:\/\/annalinea.hr\/wp-content\/uploads\/2014\/01\/DSC00178.jpg\" class=\"attachment-thumbnail size-thumbnail\" alt=\"\" loading=\"lazy\" aria-describedby=\"gallery-1-1362\" \/><\/a>\n\t\t\t<\/dt>\n\t\t\t\t<dd class='wp-caption-text gallery-caption' id='gallery-1-1362'>\n\t\t\t\tUlice Brseca\n\t\t\t\t<\/dd><\/dl><br style=\"clear: both\" \/><dl class='gallery-item'>\n\t\t\t<dt class='gallery-icon portrait'>\n\t\t\t\t<a href='https:\/\/annalinea.hr\/wp-content\/uploads\/2014\/01\/DSC00173.jpg' title=\"\" data-rl_title=\"\" class=\"rl-gallery-link\" data-rl_caption=\"\" data-rel=\"lightbox-gallery-1\"><img width=\"113\" height=\"150\" src=\"https:\/\/annalinea.hr\/wp-content\/uploads\/2014\/01\/DSC00173.jpg\" class=\"attachment-thumbnail size-thumbnail\" alt=\"\" loading=\"lazy\" \/><\/a>\n\t\t\t<\/dt><\/dl><dl class='gallery-item'>\n\t\t\t<dt class='gallery-icon landscape'>\n\t\t\t\t<a href='https:\/\/annalinea.hr\/wp-content\/uploads\/2014\/01\/DSC00147-001.jpg' title=\"\" data-rl_title=\"\" class=\"rl-gallery-link\" data-rl_caption=\"\" data-rel=\"lightbox-gallery-1\"><img width=\"150\" height=\"113\" src=\"https:\/\/annalinea.hr\/wp-content\/uploads\/2014\/01\/DSC00147-001.jpg\" class=\"attachment-thumbnail size-thumbnail\" alt=\"\" loading=\"lazy\" \/><\/a>\n\t\t\t<\/dt><\/dl><dl class='gallery-item'>\n\t\t\t<dt class='gallery-icon landscape'>\n\t\t\t\t<a href='https:\/\/annalinea.hr\/wp-content\/uploads\/2014\/01\/DSC00120-001.jpg' title=\"\" data-rl_title=\"\" class=\"rl-gallery-link\" data-rl_caption=\"\" data-rel=\"lightbox-gallery-1\"><img width=\"150\" height=\"113\" src=\"https:\/\/annalinea.hr\/wp-content\/uploads\/2014\/01\/DSC00120-001.jpg\" class=\"attachment-thumbnail size-thumbnail\" alt=\"\" loading=\"lazy\" aria-describedby=\"gallery-1-1346\" \/><\/a>\n\t\t\t<\/dt>\n\t\t\t\t<dd class='wp-caption-text gallery-caption' id='gallery-1-1346'>\n\t\t\t\t\u0160etnice iznad Brse\u010da\n\t\t\t\t<\/dd><\/dl><br style=\"clear: both\" \/><dl class='gallery-item'>\n\t\t\t<dt class='gallery-icon landscape'>\n\t\t\t\t<a href='https:\/\/annalinea.hr\/wp-content\/uploads\/2014\/01\/DSC00044.jpg' title=\"\" data-rl_title=\"\" class=\"rl-gallery-link\" data-rl_caption=\"\" data-rel=\"lightbox-gallery-1\"><img width=\"150\" height=\"113\" src=\"https:\/\/annalinea.hr\/wp-content\/uploads\/2014\/01\/DSC00044.jpg\" class=\"attachment-thumbnail size-thumbnail\" alt=\"\" loading=\"lazy\" aria-describedby=\"gallery-1-1336\" \/><\/a>\n\t\t\t<\/dt>\n\t\t\t\t<dd class='wp-caption-text gallery-caption' id='gallery-1-1336'>\n\t\t\t\tpogled sa mora na Brse\u010d\n\t\t\t\t<\/dd><\/dl><dl class='gallery-item'>\n\t\t\t<dt class='gallery-icon landscape'>\n\t\t\t\t<a href='https:\/\/annalinea.hr\/wp-content\/uploads\/2014\/01\/Brsec-Kvarner1.jpg' title=\"\" data-rl_title=\"\" class=\"rl-gallery-link\" data-rl_caption=\"\" data-rel=\"lightbox-gallery-1\"><img width=\"150\" height=\"91\" src=\"https:\/\/annalinea.hr\/wp-content\/uploads\/2014\/01\/Brsec-Kvarner1.jpg\" class=\"attachment-thumbnail size-thumbnail\" alt=\"\" loading=\"lazy\" aria-describedby=\"gallery-1-1332\" \/><\/a>\n\t\t\t<\/dt>\n\t\t\t\t<dd class='wp-caption-text gallery-caption' id='gallery-1-1332'>\n\t\t\t\tBrse\u010d\n\t\t\t\t<\/dd><\/dl>\n\t\t\t<br style='clear: both' \/>\n\t\t<\/div>\n\n","protected":false},"excerpt":{"rendered":"<p>Until today the medieval soul was preserved in the old town and its narrow alleys and passageways. Most of the townhouses were built in the 17th century, while the city wall, the fortress and&#46;&#46;&#46;<\/p>\n","protected":false},"author":1,"featured_media":1332,"parent":0,"menu_order":0,"comment_status":"closed","ping_status":"closed","template":"","meta":[],"_links":{"self":[{"href":"https:\/\/annalinea.hr\/index.php?rest_route=\/wp\/v2\/pages\/2487"}],"collection":[{"href":"https:\/\/annalinea.hr\/index.php?rest_route=\/wp\/v2\/pages"}],"about":[{"href":"https:\/\/annalinea.hr\/index.php?rest_route=\/wp\/v2\/types\/page"}],"author":[{"embeddable":true,"href":"https:\/\/annalinea.hr\/index.php?rest_route=\/wp\/v2\/users\/1"}],"replies":[{"embeddable":true,"href":"https:\/\/annalinea.hr\/index.php?rest_route=%2Fwp%2Fv2%2Fcomments&post=2487"}],"version-history":[{"count":3,"href":"https:\/\/annalinea.hr\/index.php?rest_route=\/wp\/v2\/pages\/2487\/revisions"}],"predecessor-version":[{"id":4225,"href":"https:\/\/annalinea.hr\/index.php?rest_route=\/wp\/v2\/pages\/2487\/revisions\/4225"}],"wp:featuredmedia":[{"embeddable":true,"href":"https:\/\/annalinea.hr\/index.php?rest_route=\/wp\/v2\/media\/1332"}],"wp:attachment":[{"href":"https:\/\/annalinea.hr\/index.php?rest_route=%2Fwp%2Fv2%2Fmedia&parent=2487"}],"curies":[{"name":"wp","href":"https:\/\/api.w.org\/{rel}","templated":true}]}}