{"id":2483,"date":"2014-07-24T15:22:17","date_gmt":"2014-07-24T14:22:17","guid":{"rendered":"http:\/\/annalinea.hr\/?page_id=2483"},"modified":"2024-04-20T08:29:56","modified_gmt":"2024-04-20T07:29:56","slug":"about-us","status":"publish","type":"page","link":"https:\/\/annalinea.hr\/?page_id=2483","title":{"rendered":"About us"},"content":{"rendered":"<div class=\"lRu31\" dir=\"ltr\"><span class=\"HwtZe\" lang=\"en\"><span class=\"jCAhz ChMk0b\"><span class=\"ryNqvb\">Tourist agency Annalinea d.o.o.<\/span><\/span> <span class=\"jCAhz ChMk0b\"><span class=\"ryNqvb\">accommodation of tourists with private renters and in hotels and in its new facility PERUNIKA B&amp;B located in Mo\u0161\u0107eni\u010dka Draga, mediation in the sale of excursions for tourists, organization of excursions upon request, organization of transfers and transportation, mediation in the sale of real estate (antiques, land, houses, apartments<\/span><\/span> <span class=\"jCAhz ChMk0b\"><span class=\"ryNqvb\">), organizing events.<\/span><\/span> <\/span><\/div>\n<p><!--more--><\/p>\n<div class=\"lRu31\" dir=\"ltr\"><span class=\"HwtZe\" lang=\"en\"><span class=\"jCAhz ChMk0b\"><span class=\"ryNqvb\">All these activities are performed by a team of people with many years of experience in tourism.<\/span><\/span> <span class=\"jCAhz ChMk0b\"><span class=\"ryNqvb\">Annalinea d.o.o.<\/span><\/span> <span class=\"jCAhz ChMk0b\"><span class=\"ryNqvb\">was registered in 1992, and to this day it is successfully engaged in all the above-mentioned activities.<\/span><\/span> <span class=\"jCAhz ChMk0b\"><span class=\"ryNqvb\">Branch office of Annaline d.o.o.<\/span><\/span> <span class=\"jCAhz ChMk0b\"><span class=\"ryNqvb\">it is located in the center of Mo\u0161\u0107eni\u010dka Draga, at the address Stari grad 1, and on the roundabout before the entrance to the center of Mo\u0161\u0107eni\u010dka Draga is Bed &amp; Breakfast PERUNIKA &#8211; rooms with breakfast for tourists with swimming pool and sun terrace at the address Most 1H, a new facility opened in July<\/span><\/span> <span class=\"jCAhz ChMk0b\"><span class=\"ryNqvb\">in 2023.<\/span><\/span> <\/span><\/div>\n<div class=\"lRu31\" dir=\"ltr\"><span class=\"HwtZe\" lang=\"en\"><span class=\"jCAhz ChMk0b\"><span class=\"ryNqvb\">AnnaLinea d.o.o.<\/span><\/span> <span class=\"jCAhz ChMk0b\"><span class=\"ryNqvb\">tourist agency<\/span><\/span> , Addres : Stari grad 1 ,\u00a0<span class=\"jCAhz ChMk0b\"><span class=\"ryNqvb\">51417 Mo\u0161\u0107eni\u010dka Draga<\/span><\/span> <\/span><\/div>\n<div class=\"lRu31\" dir=\"ltr\"><span class=\"HwtZe\" lang=\"en\"><span class=\"jCAhz ChMk0b\"><span class=\"ryNqvb\">Business manager Rikardo Staraj, co-owner of the company<\/span><\/span> <\/span><\/div>\n<div class=\"lRu31\" dir=\"ltr\"><span class=\"HwtZe\" lang=\"en\"><span class=\"jCAhz ChMk0b\"><span class=\"ryNqvb\">Working hours &#8211; available: November &#8211; April: 09:00 &#8211; 1300 in the office and Perunika reception from 08:00 &#8211; 12:00 or by phone 091 3737 749, <\/span><\/span><\/span><\/div>\n<div class=\"lRu31\" dir=\"ltr\"><span class=\"HwtZe\" lang=\"en\"><span class=\"jCAhz ChMk0b\"><span class=\"ryNqvb\">closed on Sundays and holidays<\/span><\/span> <\/span><\/div>\n<div class=\"lRu31\" dir=\"ltr\">\n<p><span class=\"HwtZe\" lang=\"en\"><span class=\"jCAhz ChMk0b\"><span class=\"ryNqvb\">Working hours &#8211; available: May &#8211; October: 09:00 &#8211; 15:00 or by phone: 099 8067461,<\/span><\/span><\/span><\/p>\n<div id=\"ow1409\">Bank: First Bank &amp; Steiermaerkische d.d. Rijeka,\u00a0 \u00a0 \u00a0 \u00a0 \u00a0 \u00a0 \u00a0 \u00a0Swift\/BIC: ESBCHR22<\/div>\n<div>account: IBAN: HR60 2402006 1100105339<\/div>\n<\/div>\n<p>KOD: HR-AB-51-040072407<br \/>\nOIB: 23593594588<br \/>\nMBS: 040072407\u00a0 \u00a0 \u00a0 \u00a0 \u00a0 \u00a0Tt-13\/4918-4<\/p>\n<p><span style=\"line-height: 1.5em;\">Telefon: +385 51 737 207<\/span><br \/>\nMob: +385 99 806 7461<\/p>\n<p>+ 385 91 3737749\u00a0 \u017deljka Rubini\u0107<\/p>\n<p>+ 385 91 1737 474 Monika Staraj<\/p>\n<p>E-mail: <a href=\"mailto:info@annalinea.hr\">info@annalinea.hr<\/a><a href=\"mailto:annalinea@ri.t-com.hr\"><br \/>\n<\/a>Web: <a href=\"http:\/\/www.annalinea.hr\/\">www.annalinea.hr<\/a><\/p>\n","protected":false},"excerpt":{"rendered":"<p>Tourist agency Annalinea d.o.o. accommodation of tourists with private renters and in hotels and in its new facility PERUNIKA B&amp;B located in Mo\u0161\u0107eni\u010dka Draga, mediation in the sale of excursions for tourists, organization of&#46;&#46;&#46;<\/p>\n","protected":false},"author":1,"featured_media":17244,"parent":0,"menu_order":0,"comment_status":"closed","ping_status":"closed","template":"","meta":[],"_links":{"self":[{"href":"https:\/\/annalinea.hr\/index.php?rest_route=\/wp\/v2\/pages\/2483"}],"collection":[{"href":"https:\/\/annalinea.hr\/index.php?rest_route=\/wp\/v2\/pages"}],"about":[{"href":"https:\/\/annalinea.hr\/index.php?rest_route=\/wp\/v2\/types\/page"}],"author":[{"embeddable":true,"href":"https:\/\/annalinea.hr\/index.php?rest_route=\/wp\/v2\/users\/1"}],"replies":[{"embeddable":true,"href":"https:\/\/annalinea.hr\/index.php?rest_route=%2Fwp%2Fv2%2Fcomments&post=2483"}],"version-history":[{"count":8,"href":"https:\/\/annalinea.hr\/index.php?rest_route=\/wp\/v2\/pages\/2483\/revisions"}],"predecessor-version":[{"id":17280,"href":"https:\/\/annalinea.hr\/index.php?rest_route=\/wp\/v2\/pages\/2483\/revisions\/17280"}],"wp:featuredmedia":[{"embeddable":true,"href":"https:\/\/annalinea.hr\/index.php?rest_route=\/wp\/v2\/media\/17244"}],"wp:attachment":[{"href":"https:\/\/annalinea.hr\/index.php?rest_route=%2Fwp%2Fv2%2Fmedia&parent=2483"}],"curies":[{"name":"wp","href":"https:\/\/api.w.org\/{rel}","templated":true}]}}