{"id":2,"date":"2014-01-02T12:49:50","date_gmt":"2014-01-02T11:49:50","guid":{"rendered":"http:\/\/annalinea.hr\/?page_id=2"},"modified":"2015-06-30T08:18:51","modified_gmt":"2015-06-30T07:18:51","slug":"primjer-stranice","status":"publish","type":"page","link":"https:\/\/annalinea.hr\/?page_id=2","title":{"rendered":"Mo\u0161\u0107eni\u010dka Draga"},"content":{"rendered":"<p style=\"text-align: justify;\"><strong>Op\u0107ina Mo\u0161\u0107eni\u010dka Draga<\/strong> popularna je turisti\u010dka destinacija koja obuhva\u0107a Mo\u0161\u0107eni\u010dku Dragu,\u00a0 Brse\u010d, Mo\u0161\u0107enice i mnogobrojna naselja ra\u0161trkana po okolnim brdima. Od malog ribarskog mjesta prerasla je u pravi \u201ebiser\u201c Opatijske rivijere koji svojim izgledom, arhitekturom i tipi\u010dnim mediteranskim ambijentom podsje\u0107a na talijanski Portofino.<!--more--> Op\u0107ina M.Draga broji oko 1500 stanovnika, dok kapacitet u sezoni prelazi 2500 posjetitelja. Smje\u0161taj nude privatni iznajmljiva\u010di, dva hotela (Marina i Mediteran), Autocamp &#8220;Draga&#8221; i ku\u0107e za odmor \u2013 uglavnom obnovljene kamene starine na proplancima. Valja spomenuti i luksuzne vile koje nude sobe i apartmane na \u0161etali\u0161tu uz more (lungomare). Osim smje\u0161tajnih usluga Mo\u0161\u0107eni\u010dka Draga nudi i vrlo bogatu ugostiteljsku pri\u010du &#8211; riblji i mesni restorani, te sportski i rekreacijski turizam, s naglaskom na pje\u0161a\u010denja prirodom. Uz navedene grane u turisti\u010dkoj ponudi, Mo\u0161\u0107eni\u010dka Draga ponosi se i kulturnim turizmom (kulturne i povijesne znamenitosti &#8211; stari grad Mo\u0161\u0107enice, stari grad Brse\u010d, brojne crkve, glagolja\u0161ka ba\u0161tina i drugi vrijedni spomenici i tragovi duge i \u0161arolike povijesti).<\/p>\n\n\t\t<style type=\"text\/css\">\n\t\t\t#gallery-1 {\n\t\t\t\tmargin: auto;\n\t\t\t}\n\t\t\t#gallery-1 .gallery-item {\n\t\t\t\tfloat: left;\n\t\t\t\tmargin-top: 10px;\n\t\t\t\ttext-align: center;\n\t\t\t\twidth: 33%;\n\t\t\t}\n\t\t\t#gallery-1 img {\n\t\t\t\tborder: 2px solid #cfcfcf;\n\t\t\t}\n\t\t\t#gallery-1 .gallery-caption {\n\t\t\t\tmargin-left: 0;\n\t\t\t}\n\t\t\t\/* see gallery_shortcode() in wp-includes\/media.php *\/\n\t\t<\/style>\n\t\t<div id='gallery-1' class='gallery galleryid-2 gallery-columns-3 gallery-size-thumbnail'><dl class='gallery-item'>\n\t\t\t<dt class='gallery-icon landscape'>\n\t\t\t\t<a href='https:\/\/annalinea.hr\/wp-content\/uploads\/2014\/01\/mdraga090.jpg' title=\"\" data-rl_title=\"\" class=\"rl-gallery-link\" data-rl_caption=\"\" data-rel=\"lightbox-gallery-1\"><img width=\"150\" height=\"150\" src=\"https:\/\/annalinea.hr\/wp-content\/uploads\/2014\/01\/mdraga090-150x150.jpg\" class=\"attachment-thumbnail size-thumbnail\" alt=\"\" loading=\"lazy\" srcset=\"https:\/\/annalinea.hr\/wp-content\/uploads\/2014\/01\/mdraga090-150x150.jpg 150w, https:\/\/annalinea.hr\/wp-content\/uploads\/2014\/01\/mdraga090-160x160.jpg 160w\" sizes=\"(max-width: 150px) 100vw, 150px\" \/><\/a>\n\t\t\t<\/dt><\/dl><dl class='gallery-item'>\n\t\t\t<dt class='gallery-icon landscape'>\n\t\t\t\t<a href='https:\/\/annalinea.hr\/wp-content\/uploads\/2014\/01\/mdraga083.jpg' title=\"\" data-rl_title=\"\" class=\"rl-gallery-link\" data-rl_caption=\"\" data-rel=\"lightbox-gallery-1\"><img width=\"150\" height=\"150\" src=\"https:\/\/annalinea.hr\/wp-content\/uploads\/2014\/01\/mdraga083-150x150.jpg\" class=\"attachment-thumbnail size-thumbnail\" alt=\"\" loading=\"lazy\" srcset=\"https:\/\/annalinea.hr\/wp-content\/uploads\/2014\/01\/mdraga083-150x150.jpg 150w, https:\/\/annalinea.hr\/wp-content\/uploads\/2014\/01\/mdraga083-160x160.jpg 160w\" sizes=\"(max-width: 150px) 100vw, 150px\" \/><\/a>\n\t\t\t<\/dt><\/dl><dl class='gallery-item'>\n\t\t\t<dt class='gallery-icon landscape'>\n\t\t\t\t<a href='https:\/\/annalinea.hr\/wp-content\/uploads\/2014\/01\/mdraga067.jpg' title=\"\" data-rl_title=\"\" class=\"rl-gallery-link\" data-rl_caption=\"\" data-rel=\"lightbox-gallery-1\"><img width=\"150\" height=\"150\" src=\"https:\/\/annalinea.hr\/wp-content\/uploads\/2014\/01\/mdraga067-150x150.jpg\" class=\"attachment-thumbnail size-thumbnail\" alt=\"\" loading=\"lazy\" srcset=\"https:\/\/annalinea.hr\/wp-content\/uploads\/2014\/01\/mdraga067-150x150.jpg 150w, https:\/\/annalinea.hr\/wp-content\/uploads\/2014\/01\/mdraga067-160x160.jpg 160w\" sizes=\"(max-width: 150px) 100vw, 150px\" \/><\/a>\n\t\t\t<\/dt><\/dl><br style=\"clear: both\" \/><dl class='gallery-item'>\n\t\t\t<dt class='gallery-icon landscape'>\n\t\t\t\t<a href='https:\/\/annalinea.hr\/wp-content\/uploads\/2014\/01\/mdraga020.jpg' title=\"\" data-rl_title=\"\" class=\"rl-gallery-link\" data-rl_caption=\"\" data-rel=\"lightbox-gallery-1\"><img width=\"150\" height=\"150\" src=\"https:\/\/annalinea.hr\/wp-content\/uploads\/2014\/01\/mdraga020-150x150.jpg\" class=\"attachment-thumbnail size-thumbnail\" alt=\"\" loading=\"lazy\" srcset=\"https:\/\/annalinea.hr\/wp-content\/uploads\/2014\/01\/mdraga020-150x150.jpg 150w, https:\/\/annalinea.hr\/wp-content\/uploads\/2014\/01\/mdraga020-160x160.jpg 160w\" sizes=\"(max-width: 150px) 100vw, 150px\" \/><\/a>\n\t\t\t<\/dt><\/dl><dl class='gallery-item'>\n\t\t\t<dt class='gallery-icon landscape'>\n\t\t\t\t<a href='https:\/\/annalinea.hr\/wp-content\/uploads\/2014\/01\/mdraga011.jpg' title=\"\" data-rl_title=\"\" class=\"rl-gallery-link\" data-rl_caption=\"\" data-rel=\"lightbox-gallery-1\"><img width=\"150\" height=\"150\" src=\"https:\/\/annalinea.hr\/wp-content\/uploads\/2014\/01\/mdraga011-150x150.jpg\" class=\"attachment-thumbnail size-thumbnail\" alt=\"\" loading=\"lazy\" srcset=\"https:\/\/annalinea.hr\/wp-content\/uploads\/2014\/01\/mdraga011-150x150.jpg 150w, https:\/\/annalinea.hr\/wp-content\/uploads\/2014\/01\/mdraga011-160x160.jpg 160w\" sizes=\"(max-width: 150px) 100vw, 150px\" \/><\/a>\n\t\t\t<\/dt><\/dl><dl class='gallery-item'>\n\t\t\t<dt class='gallery-icon landscape'>\n\t\t\t\t<a href='https:\/\/annalinea.hr\/wp-content\/uploads\/2014\/01\/mdraga008.jpg' title=\"\" data-rl_title=\"\" class=\"rl-gallery-link\" data-rl_caption=\"\" data-rel=\"lightbox-gallery-1\"><img width=\"150\" height=\"150\" src=\"https:\/\/annalinea.hr\/wp-content\/uploads\/2014\/01\/mdraga008-150x150.jpg\" class=\"attachment-thumbnail size-thumbnail\" alt=\"\" loading=\"lazy\" srcset=\"https:\/\/annalinea.hr\/wp-content\/uploads\/2014\/01\/mdraga008-150x150.jpg 150w, https:\/\/annalinea.hr\/wp-content\/uploads\/2014\/01\/mdraga008-160x160.jpg 160w\" sizes=\"(max-width: 150px) 100vw, 150px\" \/><\/a>\n\t\t\t<\/dt><\/dl><br style=\"clear: both\" \/><dl class='gallery-item'>\n\t\t\t<dt class='gallery-icon landscape'>\n\t\t\t\t<a href='https:\/\/annalinea.hr\/wp-content\/uploads\/2014\/01\/DSCN1617.jpg' title=\"\" data-rl_title=\"\" class=\"rl-gallery-link\" data-rl_caption=\"\" data-rel=\"lightbox-gallery-1\"><img width=\"150\" height=\"150\" src=\"https:\/\/annalinea.hr\/wp-content\/uploads\/2014\/01\/DSCN1617-150x150.jpg\" class=\"attachment-thumbnail size-thumbnail\" alt=\"\" loading=\"lazy\" srcset=\"https:\/\/annalinea.hr\/wp-content\/uploads\/2014\/01\/DSCN1617-150x150.jpg 150w, https:\/\/annalinea.hr\/wp-content\/uploads\/2014\/01\/DSCN1617-160x160.jpg 160w\" sizes=\"(max-width: 150px) 100vw, 150px\" \/><\/a>\n\t\t\t<\/dt><\/dl><dl class='gallery-item'>\n\t\t\t<dt class='gallery-icon landscape'>\n\t\t\t\t<a href='https:\/\/annalinea.hr\/wp-content\/uploads\/2014\/01\/a_DSCN1810.jpg' title=\"\" data-rl_title=\"\" class=\"rl-gallery-link\" data-rl_caption=\"\" data-rel=\"lightbox-gallery-1\"><img width=\"150\" height=\"150\" src=\"https:\/\/annalinea.hr\/wp-content\/uploads\/2014\/01\/a_DSCN1810-150x150.jpg\" class=\"attachment-thumbnail size-thumbnail\" alt=\"\" loading=\"lazy\" srcset=\"https:\/\/annalinea.hr\/wp-content\/uploads\/2014\/01\/a_DSCN1810-150x150.jpg 150w, https:\/\/annalinea.hr\/wp-content\/uploads\/2014\/01\/a_DSCN1810-160x160.jpg 160w\" sizes=\"(max-width: 150px) 100vw, 150px\" \/><\/a>\n\t\t\t<\/dt><\/dl><dl class='gallery-item'>\n\t\t\t<dt class='gallery-icon landscape'>\n\t\t\t\t<a href='https:\/\/annalinea.hr\/wp-content\/uploads\/2014\/01\/a_DSCN1586.jpg' title=\"\" data-rl_title=\"\" class=\"rl-gallery-link\" data-rl_caption=\"\" data-rel=\"lightbox-gallery-1\"><img width=\"150\" height=\"150\" src=\"https:\/\/annalinea.hr\/wp-content\/uploads\/2014\/01\/a_DSCN1586-150x150.jpg\" class=\"attachment-thumbnail size-thumbnail\" alt=\"\" loading=\"lazy\" srcset=\"https:\/\/annalinea.hr\/wp-content\/uploads\/2014\/01\/a_DSCN1586-150x150.jpg 150w, https:\/\/annalinea.hr\/wp-content\/uploads\/2014\/01\/a_DSCN1586-160x160.jpg 160w\" sizes=\"(max-width: 150px) 100vw, 150px\" \/><\/a>\n\t\t\t<\/dt><\/dl><br style=\"clear: both\" \/>\n\t\t<\/div>\n\n","protected":false},"excerpt":{"rendered":"<p>Op\u0107ina Mo\u0161\u0107eni\u010dka Draga popularna je turisti\u010dka destinacija koja obuhva\u0107a Mo\u0161\u0107eni\u010dku Dragu,\u00a0 Brse\u010d, Mo\u0161\u0107enice i mnogobrojna naselja ra\u0161trkana po okolnim brdima. Od malog ribarskog mjesta prerasla je u pravi \u201ebiser\u201c Opatijske rivijere koji svojim izgledom,&#46;&#46;&#46;<\/p>\n","protected":false},"author":1,"featured_media":608,"parent":0,"menu_order":0,"comment_status":"closed","ping_status":"closed","template":"","meta":[],"_links":{"self":[{"href":"https:\/\/annalinea.hr\/index.php?rest_route=\/wp\/v2\/pages\/2"}],"collection":[{"href":"https:\/\/annalinea.hr\/index.php?rest_route=\/wp\/v2\/pages"}],"about":[{"href":"https:\/\/annalinea.hr\/index.php?rest_route=\/wp\/v2\/types\/page"}],"author":[{"embeddable":true,"href":"https:\/\/annalinea.hr\/index.php?rest_route=\/wp\/v2\/users\/1"}],"replies":[{"embeddable":true,"href":"https:\/\/annalinea.hr\/index.php?rest_route=%2Fwp%2Fv2%2Fcomments&post=2"}],"version-history":[{"count":22,"href":"https:\/\/annalinea.hr\/index.php?rest_route=\/wp\/v2\/pages\/2\/revisions"}],"predecessor-version":[{"id":35,"href":"https:\/\/annalinea.hr\/index.php?rest_route=\/wp\/v2\/pages\/2\/revisions\/35"}],"wp:featuredmedia":[{"embeddable":true,"href":"https:\/\/annalinea.hr\/index.php?rest_route=\/wp\/v2\/media\/608"}],"wp:attachment":[{"href":"https:\/\/annalinea.hr\/index.php?rest_route=%2Fwp%2Fv2%2Fmedia&parent=2"}],"curies":[{"name":"wp","href":"https:\/\/api.w.org\/{rel}","templated":true}]}}