{"id":14560,"date":"2021-10-07T21:20:17","date_gmt":"2021-10-07T20:20:17","guid":{"rendered":"http:\/\/annalinea.hr\/?page_id=14560"},"modified":"2021-10-18T15:44:34","modified_gmt":"2021-10-18T14:44:34","slug":"standard-terms-and-conditions-for-the-real-estate-agency-annalinea-d-o-o-2","status":"publish","type":"page","link":"https:\/\/annalinea.hr\/?page_id=14560","title":{"rendered":"Standard Terms and Conditions for the Real Estate Agency &#8220;ANNALINEA D.O.O.&#8221;"},"content":{"rendered":"<h1>Standard Terms and Conditions for the Real Estate Agency &#8220;ANNALINEA D.O.O.&#8221;<\/h1>\n<p>&nbsp;<\/p>\n<p style=\"text-align: center;\"><strong>GENERAL PROVISIONS<\/strong><\/p>\n<p style=\"text-align: center;\"><em>Article 1<\/em><\/p>\n<p>Standard Terms and Conditions for Real Estate Brokers (hereinafter: Standard Terms and Conditions) govern the business relationship between the Real Estate Agency (hereinafter: Broker) and a natural or legal person (hereinafter: Principal), who enters into a written Brokerage Agreement with the Principal.<br \/>\nStandard Terms and Conditions make an integral part of the Brokerage Agreement entered into between the Broker and the Principal.<\/p>\n<p>&nbsp;<\/p>\n<p style=\"text-align: center;\"><em>Article 2<\/em><\/p>\n<p>Single terms and names in terms of Standard Terms and Conditions have the following meaning:<\/p>\n<p><strong>&#8211; Real Estate Broker<\/strong>\u00a0\u2013 Real Estate Agency &#8220;Annalinea d.o.o. &#8220;Stari grad 1, Mo\u0161\u0107eni\u010dka Draga , Personal identification Number: 23593594588,\u00a0 in line with the Decision by the Ministry of Economy, Labour and Entrepreneurship of the Republic of Croatia, is a licensed Real Estate Agency, registered with the Registry of Real Estate Brokers with the Croatian Chamber of Commerce, CLASS: 133-02\/08-02\/357 REF. NO.: 311-14-09-07<\/p>\n<p><strong>&#8211; Real Estate Brokerage<\/strong>\u00a0are activities performed in real estate listing by a broker\u00a0 that refer to connecting the Principal and a third person and to negotiations and preparations for concluding legal transactions whose subject is a specific real property and particularly in purchasing, selling, exchanging, business and personal leasing the real property and other.<\/p>\n<p><strong>&#8211; Real Estate <\/strong>are plots of ground areas, together with everything that is connected to this ground permanently on the area or beneath it in accordance with the provisions of the general regulation on ownership and other proprietary rights.<\/p>\n<p><strong>&#8211; Principal<\/strong>\u00a0is a natural or legal person who enters into a written Brokerage Agreement\u00a0\u00a0 (seller, buyer, business lessee, business lessor, private lessee, private lessor and other potential participants in real estate listing) with the Real Estate Broker.<\/p>\n<p><strong>&#8211; Third Person<\/strong>\u00a0is a person, whom a Real Estate Broker tries to connect to the Principal, with the aim of negotiating on concluding legal transactions whose subject is a specific real property.<\/p>\n<p><strong>&#8211; Brokerage Fee<\/strong> is the amount that the Principal is obliged to pay the Broker for brokerage services.<\/p>\n<p>&nbsp;<\/p>\n<p style=\"text-align: center;\"><strong>REAL ESTATE OFFER<\/strong><\/p>\n<p style=\"text-align: center;\"><em>Article 3<\/em><\/p>\n<p>Our offer is based on information we receive in writing and orally from the Principal. There is a possibility of an error in description and price for the real property and the possibility that the advertised real property is already sold, leased or that the real estate owner withdrew from selling it.<br \/>\nThe receiver (Principal) is obliged to keep a business secret our offers and notifications and he can communicate these to a third person only upon our written consent.<br \/>\nIf the receiver of our offer is already familiar with real properties we offered him, he is obliged to inform us thereon without delay in writing, by electronic mail (email), fax or by registered post.<\/p>\n<p>&nbsp;<\/p>\n<p style=\"text-align: center;\"><strong>REAL ESTATE PRICE<\/strong><\/p>\n<p style=\"text-align: center;\"><em>Article 4<\/em><\/p>\n<p>Real Estate Prices are stated in Euros and are payable in HRK counter-value.<\/p>\n<p>&nbsp;<\/p>\n<p style=\"text-align: center;\"><strong>BROKERAGE AGREEMENT<\/strong><\/p>\n<p style=\"text-align: center;\"><em>Article 5<\/em><\/p>\n<p>With the Brokerage Agreement, the Broker undertakes to connect to the Principal a person that would negotiate with him on concluding the agreement, and the Principal undertakes to pay him a certain commission, if the agreement is concluded.<br \/>\nThe Brokerage Agreement (hereinafter: Brokerage Agreement) is concluded in writing between the Broker and the Principal.<br \/>\nInformation essential for selling\/buying the real property are to be truly, correctly and fully indicated in the Brokerage Agreement.<br \/>\nIf the Brokerage Agreement is not signed, the Principal is not obliged to pay the Broker the Brokerage Fee, all of which if the Broker does not prove his brokerage in concluding a legal transaction otherwise.<br \/>\nAt seller\u2019s insistence and based on his oral order, the Broker can render a service of advertising the real property on his web sites and register the real property with the Broker\u2019s Log, and when a potential buyer gets interested in the said real property, he shall inform the seller thereon and sign the\u00a0\u00a0 Brokerage Agreement with him if the Seller is willing to sign it and, failing that, the Broker is not obliged to connect the potential buyer to the seller, all of which if the Broker does not want to accept brokerage on one side i.e. that he collects his Brokerage Fee from the Buyer based on an oral or a written order on brokerage with the Buyer.<\/p>\n<p>In case of selling a real property, which is co-owned by several persons, a written consent is required by all co-owners or representatives of all co-owners in the form of accepting a Brokerage Agreement for selling the real property.<\/p>\n<p>&nbsp;<\/p>\n<p style=\"text-align: center;\"><strong>EXCLUSIVE BROKERAGE<\/strong><\/p>\n<p style=\"text-align: center;\"><em>Article 6<\/em><\/p>\n<p>With the Brokerage Agreement, the Principal can undertake not to engage any other Broker (Exclusive Brokerage) for the brokerage transaction.<br \/>\nExclusive Brokerage is an obligation that has to be concluded through a separate brokerage agreement.<br \/>\nIf, for the duration of the Exclusive Brokerage Agreement, the Principal concluded a legal transaction, for which the brokerage order was given to the exclusive Broker, by circumventing the Broker and through another Broker, he is obliged to pay the Broker actual costs made during brokerage. If the amount of Brokerage Fee is not agreed, the Principal is obliged to refund the Broker actual costs made during brokerage that cannot be higher than the Brokerage Fee for the brokerage.<br \/>\nWhen concluding the Exclusive Brokerage Agreement, the Broker is obliged to particularly warn the Principal on the meaning and legal consequences of such an agreement.<\/p>\n<p>&nbsp;<\/p>\n<p style=\"text-align: center;\"><strong>BROKER\u2019S OBLIGATIONS<\/strong><\/p>\n<p style=\"text-align: center;\"><em>Article 7<\/em><\/p>\n<p>By signing the Real Estate Brokerage Agreement, the Broker is obliged to deliver particularly the following:<\/p>\n<ol>\n<li>To try to find and connect to the Principal a person with the aim of concluding a brokerage transaction,<\/li>\n<li>To make the Principal familiar with the average market price for a similar real property,<\/li>\n<li>To examine documents proving ownership or other proprietary right on the said real property and warn the Principal on evident deficiencies and possible risks related to the unsorted land-registry status of the real property, registered proprietary rights or other rights of third persons on the real property.<\/li>\n<li>To perform activities necessary for presenting (presentation of) the real property on the market, advertise the real property in an appropriate way, and to perform all the other activities agreed with the Real Estate Brokerage Agreement that exceed usual presentation , for which he is entitled to special costs stated in advance,<\/li>\n<li>To make the examination of the real property possible,<\/li>\n<li>To mediate in negotiations and make efforts to conclude the agreement,<\/li>\n<li>To keep Principal\u2019s personal data, and, on Principal\u2019s written order, to keep a business secret information on the real property that is subject to brokerage or in relation to this real property or a deal that is subject to brokerage,<\/li>\n<li>If the subject of concluding the agreement is a land plot, to check the purpose of the land plot in line with valid regulations on physical planning relating to this land plot,<\/li>\n<li>To inform the Principal on all circumstances that are important for the intended deal, which are known to him or which should be known to him.<\/li>\n<\/ol>\n<p>&nbsp;<\/p>\n<p style=\"text-align: center;\"><em>Article 8<\/em><\/p>\n<p>The Broker is obliged to keep a business secret all information that he gets to know while performing brokerage and that refer to the Principal, the real property he performs brokerage for\u00a0 or that are related to this real property or to the transaction he performs brokerage for or the transaction he concludes based on a special authorisation.<br \/>\nIf he violates his obligation of keeping a business secret, the Broker is obliged to recover the damaged persons damages that these persons suffered due to disclosing i.e. not keeping a business secret.<br \/>\nThe obligation of keeping a business secret shall not be considered violated if he, for the purpose of protection, discloses the information to third persons that he tries to connect to the Principal, which is absolutely necessary for the Broker to meet his obligation form the Brokerage Agreement, which he concluded with the Principal.<\/p>\n<p>&nbsp;<\/p>\n<p style=\"text-align: center;\"><strong>PRINCIPAL\u2019S OBLIGATIONS<\/strong><\/p>\n<p style=\"text-align: center;\"><em>Article 9<\/em><\/p>\n<p>By signing the Real Estate Brokerage Agreement, the Principal is obliged to deliver particularly the following:<\/p>\n<ol>\n<li>To inform the Broker on all circumstances that are important for rendering brokerage services and present correct information on the real property,<\/li>\n<li>To provide the Broker with documents for examination that prove his ownership on the real property i.e. other proprietary right on the real property that is subject to the Agreement,<\/li>\n<li>To make the visitation of the real property possible for the Broker and a third person interested in concluding a brokerage transaction,<\/li>\n<li>After the brokerage legal transaction has been concluded i.e. the preliminary agreement, with which he undertook to conclude the brokerage legal transaction, to pay the Broker the Brokerage Fee unless otherwise agreed,<\/li>\n<li>If this is explicitly agreed, to refund the Broker the costs made during brokerage that exceed usual brokerage costs,<\/li>\n<li>To inform the Broker in writing on all changes related to the transaction for which he authorized the Broker.<\/li>\n<\/ol>\n<p>The Principal shall not be obliged to enter into negotiations for concluding the brokerage transaction with a third person, which was found by the Broker, nor to conclude a legal transaction and the provision of the agreement that governs otherwise is null and void.<br \/>\nThe Principle shall be liable for damages if he does not act in good faith.<\/p>\n<p>&nbsp;<\/p>\n<p style=\"text-align: center;\"><strong>BROKERAGE FEE<\/strong><\/p>\n<p style=\"text-align: center;\"><em>Article 10<\/em><\/p>\n<p>For performed brokerage at the purchase, sale, exchange, business and private lease of real properties, the Broker collects a Brokerage Fee.<br \/>\nThe fee amount should not exceed 6% of the purchase price of the real property. If the Real Estate Brokerage Agreement does not lay out otherwise, the fee amount shall be applied in line with the Price List of these Standard Terms and Conditions. The Broker gains right to a Brokerage Fee in entirety immediately after the first brokerage transaction entered into between contractual parties (preliminary agreement, sale and purchase agreement)\u00a0 has been concluded.<\/p>\n<p>&nbsp;<\/p>\n<p style=\"text-align: center;\"><em>Article 11<\/em><\/p>\n<p>If the party independently offers a Brokerage Fee i.e. a fee higher than the agreed one, the Broker can receive such a fee provided that such a fee is not in evident disproportion with Broker\u2019s services, his working results and party\u2019s financial standing.<\/p>\n<p>&nbsp;<\/p>\n<p style=\"text-align: center;\"><em>Article 12<\/em><\/p>\n<p>In case of brokerage where a party \u2013 a principal on their own or through a third person found an interested person, the Broker can, on his conscience, charge actual costs occurred in relation to the said transaction.<\/p>\n<p>&nbsp;<\/p>\n<p style=\"text-align: center;\"><em>Article 13<\/em><\/p>\n<p>The Broker shall be considered to have enabled the connection to the other person for negotiating the brokerage transaction if the contact with the other person (natural or legal), with whom he negotiated on concluding the legal transaction, is made available to the Principle, and particularly if the Broker:<\/p>\n<ol>\n<li>Directly took or referred the Principle to the third person for the visitation of the real property that is subject to brokerage,<\/li>\n<li>Arranged a meeting between the Principal and the other contractual person with the aim of negotiating on concluding a legal transaction,<\/li>\n<li>Informed the Principle on the name, phone number, fax number, email of the person authorised for concluding a legal transaction or informed him on the accurate location of the inquired real property.<\/li>\n<\/ol>\n<p>&nbsp;<\/p>\n<p style=\"text-align: center;\"><em>Article 14<\/em><\/p>\n<p>If the Principle withdraws from concluding the preliminary agreement and\/or purchase and sale agreement after the Broker has performed all the activities required for concluding the latter, the Principle is obliged to refund the Broker material costs arisen from preparing a legal sale and purchase transaction and preparing documentation.<\/p>\n<p>&nbsp;<\/p>\n<p style=\"text-align: center;\"><em>Article 15<\/em><\/p>\n<p style=\"text-align: center;\">Price List makes an integral part hereof.<\/p>\n<p style=\"text-align: center;\"><strong>PRICE LIST<br \/>\n<\/strong><strong>of brokerage fees for brokerage performed at sale and purchase<\/strong><\/p>\n<p>&nbsp;<\/p>\n<p style=\"text-align: center;\">Agencies are obliged to charge a fee for performed brokerage.<\/p>\n<p style=\"text-align: center;\">SALE AND PURCHASE<br \/>\nThe fee is charged in percentages from the totally achieved amount of the purchase price.<br \/>\nHighest total fee 6 %<br \/>\nLowest total fee 4 %<\/p>\n<p style=\"text-align: center;\">SALE<br \/>\nThe Brokerage Fee for brokerage in selling a real property (collected from the Seller)<\/p>\n<p style=\"text-align: center;\">is charged 2 \u2013 4 %, but not less than HRK 7.500,00<\/p>\n<p style=\"text-align: center;\">PURCHASE<br \/>\nThe Brokerage Fee for brokerage in purchasing a real property (collected from the Buyer)<\/p>\n<p style=\"text-align: center;\">2 \u2013 3 %, but not less than HRK 7.500,00<br \/>\nThe fee is collected from the Buyer if it is agreed or if the Broker received from the Buyer a written or oral order for searching for a real property.<\/p>\n<p>&nbsp;<\/p>\n<p style=\"text-align: center;\">All of which increased by appertaining VAT in the amount of 25 % .<\/p>\n<p>PRIVATE AND BUSINESS LEASE\u2013 fee from both business and private lessor<br \/>\nPercentage from monthly rental fee<br \/>\n75 % &#8211; Minimum<br \/>\n100 % &#8211; For private or business lease in the duration of\u00a0 12 to 59 months<br \/>\n150 % &#8211; Minimum for private or business lease in the duration of 60 months\u00a0 (5 years) and more<\/p>\n<p>PRIVATE AND BUSINESS LEASE \u2013 fee from both private and business lessee<\/p>\n<p>Percentage from monthly rental fee<br \/>\n75 % &#8211; Minimum for private lease<br \/>\n100 % &#8211; Minimum for business lease<br \/>\n100 % &#8211; For private or business lease in the duration of 12 to 59 months<br \/>\n150 % &#8211; Minimum for private or business lease in the duration of 60 months (5 years) and more<\/p>\n<p>Services for changing the public utilities payer at the public utilities service providers and other services \u2013 HRK 740<\/p>\n<p>Consulting services\u00a0 -1 % of the totally achieved amount of the purchase price<\/p>\n<p>Estimate of the market price for the real property\u2013\u00a0 HRK 2.000,00<\/p>\n<p>VAT is not included in the price.<\/p>\n<p>&nbsp;<\/p>\n<p style=\"text-align: center;\"><strong>TERMINATION OF THE AGREEMENT<\/strong><\/p>\n<p style=\"text-align: center;\">Article 16<\/p>\n<p>The Brokerage Agreement is concluded for the period of 12 months or for an indefinite period and terminates when the period for which it is concluded expires, unless\u00a0 within this period an agreement has not been concluded for which it was mediated, or by cancellation of any of contractual parties. The Principal shall acknowledge brokerage even after the agreement expired if the contact to a third person was realized for the duration of the agreement. If the Principal, before the agreed deadline expires, unilaterally cancels the agreement, he is obliged within 7 (seven) days to refund the Broker all brokerage costs that occurred until the cancellation of the agreement and that are related to advertising costs, material costs and other, all of which if these are agreed and occurred.<\/p>\n<p>The Principal is obliged to refund the Broker the costs made, for which otherwise was already agreed that these are separately paid by the Principal.<br \/>\nIf within one year after the agreement has not been valid the Principal concludes a legal transaction with a person to whom the Broker connected him, and for which the Broker mediated during the validity period of the agreement, he is obliged to pay the Brokerage Fee in entirety unless otherwise is agreed with the agreement.<\/p>\n<p>&nbsp;<\/p>\n<p style=\"text-align: center;\"><strong>TERMINATION OF BROKERAGE AGREEMENT<\/strong><\/p>\n<p style=\"text-align: center;\"><em>Article 17<\/em><\/p>\n<ol>\n<li>The Brokerage Agreement concluded for an indefinite period shall terminate when cancelled by any of contractual parties.<\/li>\n<li>The Principal is obliged to refund the Broker occurred costs for which otherwise is explicitly agreed that they are paid separately by the Principal.<\/li>\n<li>If, within the duration of the brokerage agreement, the Principal concludes a legal transaction that is mainly a consequence of Broker\u2019s activities, he is obliged to pay the Broker the Brokerage Fee in entirety, unless otherwise is agreed with the agreement.<\/li>\n<\/ol>\n<p>&nbsp;<\/p>\n<p style=\"text-align: center;\"><strong>FINAL PROVISIONS<\/strong><\/p>\n<p style=\"text-align: center;\"><em>Article 18<\/em><\/p>\n<p>To all relationships that are not governed herewith or with the Brokerage Agreement, provisions of the Real Estate Brokerage Act\u00a0 and the Civil Obligations Act of the Republic of Croatia.\u00a0 In case of dispute between contractual parties, Municipality Court in Rijeka shall be the competent court unless otherwise agreed.<\/p>\n<p>&nbsp;<\/p>\n<p style=\"text-align: center;\"><em>Article 19<\/em><\/p>\n<p>A party can file a complaint in the Book of Consumers\u2019 Complaints that is located in the Broker\u2019s business premises.<\/p>\n<p>&nbsp;<\/p>\n<p style=\"text-align: center;\"><em>Article 20<\/em><\/p>\n<p>By signing the Brokerage Agreement, the Principal grants explicit consent to the company Annalinea\u00a0 d.o.o. for using the personal identification number, citizen\u2019s unique number and other data from the agreement and confirms that he is informed on using such data and that he agrees with terms and conditions.<br \/>\nCompany Annalinea d.o.o can use the said data for the purpose of identifying the client and protecting financial interests in doing business of Annalinea\u00a0 d.o.o.<br \/>\nData are considered a secret and cannot be delivered to third persons unless these are necessary for realization of agreed and legal obligations.<\/p>\n<p>&nbsp;<\/p>\n<p>Standard Terms and Conditions are valid from 01.01.2015<\/p>\n<p>Annalinea d.o.o.<\/p>\n<p>\u017deljka Rubinic<\/p>\n<p>&nbsp;<\/p>\n<p>&nbsp;<\/p>\n","protected":false},"excerpt":{"rendered":"<p>Standard Terms and Conditions for the Real Estate Agency &#8220;ANNALINEA D.O.O.&#8221; &nbsp; GENERAL PROVISIONS Article 1 Standard Terms and Conditions for Real Estate Brokers (hereinafter: Standard Terms and Conditions) govern the business relationship between&#46;&#46;&#46;<\/p>\n","protected":false},"author":1,"featured_media":0,"parent":0,"menu_order":0,"comment_status":"closed","ping_status":"closed","template":"","meta":[],"_links":{"self":[{"href":"https:\/\/annalinea.hr\/index.php?rest_route=\/wp\/v2\/pages\/14560"}],"collection":[{"href":"https:\/\/annalinea.hr\/index.php?rest_route=\/wp\/v2\/pages"}],"about":[{"href":"https:\/\/annalinea.hr\/index.php?rest_route=\/wp\/v2\/types\/page"}],"author":[{"embeddable":true,"href":"https:\/\/annalinea.hr\/index.php?rest_route=\/wp\/v2\/users\/1"}],"replies":[{"embeddable":true,"href":"https:\/\/annalinea.hr\/index.php?rest_route=%2Fwp%2Fv2%2Fcomments&post=14560"}],"version-history":[{"count":5,"href":"https:\/\/annalinea.hr\/index.php?rest_route=\/wp\/v2\/pages\/14560\/revisions"}],"predecessor-version":[{"id":14572,"href":"https:\/\/annalinea.hr\/index.php?rest_route=\/wp\/v2\/pages\/14560\/revisions\/14572"}],"wp:attachment":[{"href":"https:\/\/annalinea.hr\/index.php?rest_route=%2Fwp%2Fv2%2Fmedia&parent=14560"}],"curies":[{"name":"wp","href":"https:\/\/api.w.org\/{rel}","templated":true}]}}