{"id":1401,"date":"2014-01-31T12:05:40","date_gmt":"2014-01-31T11:05:40","guid":{"rendered":"http:\/\/annalinea.hr\/?page_id=1401"},"modified":"2015-02-11T11:56:57","modified_gmt":"2015-02-11T10:56:57","slug":"brsec","status":"publish","type":"page","link":"https:\/\/annalinea.hr\/?page_id=1401","title":{"rendered":"Brse\u010d"},"content":{"rendered":"<p style=\"text-align: justify;\">Srednjovjekovni duh grada, sa svojim uli\u010dicama i prolazima, sa\u010duvan je do dana\u0161njih dana. Najvi\u0161e gradskih ku\u0107a izgra\u0111eno je u 17. stolje\u0107u, dok zidine, utvrde i sam crkveni zvonik pripadaju ranom srednjem vijeku. <!--more-->Iz ranijeg je razdoblja i Ka\u0161tel, stara jezgra oko koje se kasnije razvilo naselje. Ku\u0107e su tipi\u010dan primjer primorske arhitekture, a na nekima su jo\u0161 i danas vidljivi natpisi u Glagoljici. I Brse\u010d ima svoj mlin za masline iz 17. stolje\u0107a. U tom razdoblju brse\u010dki je \u017eupnik Josip Mavrovi\u0107 dao podi\u0107i zgradu Ma\u0161unerije, rezidencijalno zdanje s brojnim sobama, gospodarskim prostorijama i lo\u017eom, te je obnovio \u017eupnu crkvu. Gradska \u0161terna je na sredi\u0161njem trgu staroga grada, a sastavni dio istoga je brse\u010dka \u0161kola, izgra\u0111ena 1868. godine.<\/p>\n<p style=\"text-align: justify;\">Navodimo samo one va\u017enije sakralne objekte Brse\u010dke \u017eupe: \u017dupna crkva Sv. Jurja, Crkva Sv. Kri\u017ea, Crkva Sv. Magdalene, Crkva Sv. Stjepana na brse\u010dkom groblju, te Crkva Sv. Jelena u istoimenom selu i Kapela Sv. Nikole u Goloviku.<\/p>\n<p style=\"text-align: justify;\">U gradskoj se lo\u017ei, na ulazu u stari grad, nalazi bista slavnog Eugena Kumi\u010di\u0107a,\u00a0 hrvatskog knji\u017eevnika i politi\u010dara. Ro\u0111en je u Brse\u010du gdje se nalazi i njegova rodna ku\u0107a, danas pretvorena u knji\u017enicu i vrlo impresivnu galeriju \u201eEugen K\u201c gdje izla\u017eu eminentni hrvatski i strani umjetnici.<\/p>\n<p style=\"text-align: justify;\">Akademski kipar Ljubo de Karina \u017eivi 2 km od Brse\u010da, u zaseoku Zagore, stoga preporu\u010damo posjet \u201egaleriji na otvorenom.\u201c Njegove se skulpture nalaze u javnim prostorima u Hrvatskoj i inozemstvu (Njema\u010dka, Italija, Slovenija, Japan).<\/p>\n<p style=\"text-align: justify;\">Nezaboravan se pogled pru\u017ea sa hridi kraj male crkvice sv. Magdalene.<\/p>\n<p style=\"text-align: justify;\">Smje\u0161taj u Brse\u010du i bli\u017eoj okolici mo\u017ee se prona\u0107i u privatnim sobama i apartmanima.<\/p>\n\n\t\t<style type=\"text\/css\">\n\t\t\t#gallery-1 {\n\t\t\t\tmargin: auto;\n\t\t\t}\n\t\t\t#gallery-1 .gallery-item {\n\t\t\t\tfloat: left;\n\t\t\t\tmargin-top: 10px;\n\t\t\t\ttext-align: center;\n\t\t\t\twidth: 33%;\n\t\t\t}\n\t\t\t#gallery-1 img {\n\t\t\t\tborder: 2px solid #cfcfcf;\n\t\t\t}\n\t\t\t#gallery-1 .gallery-caption {\n\t\t\t\tmargin-left: 0;\n\t\t\t}\n\t\t\t\/* see gallery_shortcode() in wp-includes\/media.php *\/\n\t\t<\/style>\n\t\t<div id='gallery-1' class='gallery galleryid-1401 gallery-columns-3 gallery-size-thumbnail'><dl class='gallery-item'>\n\t\t\t<dt class='gallery-icon landscape'>\n\t\t\t\t<a href='https:\/\/annalinea.hr\/wp-content\/uploads\/2014\/01\/DSC00226.jpg' title=\"\" data-rl_title=\"\" class=\"rl-gallery-link\" data-rl_caption=\"\" data-rel=\"lightbox-gallery-1\"><img width=\"150\" height=\"113\" src=\"https:\/\/annalinea.hr\/wp-content\/uploads\/2014\/01\/DSC00226.jpg\" class=\"attachment-thumbnail size-thumbnail\" alt=\"\" loading=\"lazy\" \/><\/a>\n\t\t\t<\/dt><\/dl><dl class='gallery-item'>\n\t\t\t<dt class='gallery-icon landscape'>\n\t\t\t\t<a href='https:\/\/annalinea.hr\/wp-content\/uploads\/2014\/01\/DSC00208.jpg' title=\"\" data-rl_title=\"\" class=\"rl-gallery-link\" data-rl_caption=\"\" data-rel=\"lightbox-gallery-1\"><img width=\"150\" height=\"113\" src=\"https:\/\/annalinea.hr\/wp-content\/uploads\/2014\/01\/DSC00208.jpg\" class=\"attachment-thumbnail size-thumbnail\" alt=\"\" loading=\"lazy\" \/><\/a>\n\t\t\t<\/dt><\/dl><dl class='gallery-item'>\n\t\t\t<dt class='gallery-icon landscape'>\n\t\t\t\t<a href='https:\/\/annalinea.hr\/wp-content\/uploads\/2014\/01\/DSC00206.jpg' title=\"\" data-rl_title=\"\" class=\"rl-gallery-link\" data-rl_caption=\"\" data-rel=\"lightbox-gallery-1\"><img width=\"150\" height=\"113\" src=\"https:\/\/annalinea.hr\/wp-content\/uploads\/2014\/01\/DSC00206.jpg\" class=\"attachment-thumbnail size-thumbnail\" alt=\"\" loading=\"lazy\" \/><\/a>\n\t\t\t<\/dt><\/dl><br style=\"clear: both\" \/><dl class='gallery-item'>\n\t\t\t<dt class='gallery-icon landscape'>\n\t\t\t\t<a href='https:\/\/annalinea.hr\/wp-content\/uploads\/2014\/01\/DSC00205.jpg' title=\"\" data-rl_title=\"\" class=\"rl-gallery-link\" data-rl_caption=\"\" data-rel=\"lightbox-gallery-1\"><img width=\"150\" height=\"113\" src=\"https:\/\/annalinea.hr\/wp-content\/uploads\/2014\/01\/DSC00205.jpg\" class=\"attachment-thumbnail size-thumbnail\" alt=\"\" loading=\"lazy\" \/><\/a>\n\t\t\t<\/dt><\/dl><dl class='gallery-item'>\n\t\t\t<dt class='gallery-icon landscape'>\n\t\t\t\t<a href='https:\/\/annalinea.hr\/wp-content\/uploads\/2014\/01\/DSC00203-001.jpg' title=\"\" data-rl_title=\"\" class=\"rl-gallery-link\" data-rl_caption=\"\" data-rel=\"lightbox-gallery-1\"><img width=\"150\" height=\"113\" src=\"https:\/\/annalinea.hr\/wp-content\/uploads\/2014\/01\/DSC00203-001.jpg\" class=\"attachment-thumbnail size-thumbnail\" alt=\"\" loading=\"lazy\" aria-describedby=\"gallery-1-1370\" \/><\/a>\n\t\t\t<\/dt>\n\t\t\t\t<dd class='wp-caption-text gallery-caption' id='gallery-1-1370'>\n\t\t\t\tSv. Magdalena\n\t\t\t\t<\/dd><\/dl><dl class='gallery-item'>\n\t\t\t<dt class='gallery-icon portrait'>\n\t\t\t\t<a href='https:\/\/annalinea.hr\/wp-content\/uploads\/2014\/01\/DSC00178.jpg' title=\"\" data-rl_title=\"\" class=\"rl-gallery-link\" data-rl_caption=\"\" data-rel=\"lightbox-gallery-1\"><img width=\"113\" height=\"150\" src=\"https:\/\/annalinea.hr\/wp-content\/uploads\/2014\/01\/DSC00178.jpg\" class=\"attachment-thumbnail size-thumbnail\" alt=\"\" loading=\"lazy\" aria-describedby=\"gallery-1-1362\" \/><\/a>\n\t\t\t<\/dt>\n\t\t\t\t<dd class='wp-caption-text gallery-caption' id='gallery-1-1362'>\n\t\t\t\tUlice Brseca\n\t\t\t\t<\/dd><\/dl><br style=\"clear: both\" \/><dl class='gallery-item'>\n\t\t\t<dt class='gallery-icon portrait'>\n\t\t\t\t<a href='https:\/\/annalinea.hr\/wp-content\/uploads\/2014\/01\/DSC00173.jpg' title=\"\" data-rl_title=\"\" class=\"rl-gallery-link\" data-rl_caption=\"\" data-rel=\"lightbox-gallery-1\"><img width=\"113\" height=\"150\" src=\"https:\/\/annalinea.hr\/wp-content\/uploads\/2014\/01\/DSC00173.jpg\" class=\"attachment-thumbnail size-thumbnail\" alt=\"\" loading=\"lazy\" \/><\/a>\n\t\t\t<\/dt><\/dl><dl class='gallery-item'>\n\t\t\t<dt class='gallery-icon portrait'>\n\t\t\t\t<a href='https:\/\/annalinea.hr\/wp-content\/uploads\/2014\/01\/DSC00172.jpg' title=\"\" data-rl_title=\"\" class=\"rl-gallery-link\" data-rl_caption=\"\" data-rel=\"lightbox-gallery-1\"><img width=\"113\" height=\"150\" src=\"https:\/\/annalinea.hr\/wp-content\/uploads\/2014\/01\/DSC00172.jpg\" class=\"attachment-thumbnail size-thumbnail\" alt=\"\" loading=\"lazy\" \/><\/a>\n\t\t\t<\/dt><\/dl><dl class='gallery-item'>\n\t\t\t<dt class='gallery-icon landscape'>\n\t\t\t\t<a href='https:\/\/annalinea.hr\/wp-content\/uploads\/2014\/01\/DSC00147-001.jpg' title=\"\" data-rl_title=\"\" class=\"rl-gallery-link\" data-rl_caption=\"\" data-rel=\"lightbox-gallery-1\"><img width=\"150\" height=\"113\" src=\"https:\/\/annalinea.hr\/wp-content\/uploads\/2014\/01\/DSC00147-001.jpg\" class=\"attachment-thumbnail size-thumbnail\" alt=\"\" loading=\"lazy\" \/><\/a>\n\t\t\t<\/dt><\/dl><br style=\"clear: both\" \/><dl class='gallery-item'>\n\t\t\t<dt class='gallery-icon landscape'>\n\t\t\t\t<a href='https:\/\/annalinea.hr\/wp-content\/uploads\/2014\/01\/DSC00120-001.jpg' title=\"\" data-rl_title=\"\" class=\"rl-gallery-link\" data-rl_caption=\"\" data-rel=\"lightbox-gallery-1\"><img width=\"150\" height=\"113\" src=\"https:\/\/annalinea.hr\/wp-content\/uploads\/2014\/01\/DSC00120-001.jpg\" class=\"attachment-thumbnail size-thumbnail\" alt=\"\" loading=\"lazy\" aria-describedby=\"gallery-1-1346\" \/><\/a>\n\t\t\t<\/dt>\n\t\t\t\t<dd class='wp-caption-text gallery-caption' id='gallery-1-1346'>\n\t\t\t\t\u0160etnice iznad Brse\u010da\n\t\t\t\t<\/dd><\/dl><dl class='gallery-item'>\n\t\t\t<dt class='gallery-icon landscape'>\n\t\t\t\t<a href='https:\/\/annalinea.hr\/wp-content\/uploads\/2014\/01\/DSC00054.jpg' title=\"\" data-rl_title=\"\" class=\"rl-gallery-link\" data-rl_caption=\"\" data-rel=\"lightbox-gallery-1\"><img width=\"150\" height=\"113\" src=\"https:\/\/annalinea.hr\/wp-content\/uploads\/2014\/01\/DSC00054.jpg\" class=\"attachment-thumbnail size-thumbnail\" alt=\"\" loading=\"lazy\" \/><\/a>\n\t\t\t<\/dt><\/dl><dl class='gallery-item'>\n\t\t\t<dt class='gallery-icon landscape'>\n\t\t\t\t<a href='https:\/\/annalinea.hr\/wp-content\/uploads\/2014\/01\/DSC00048.jpg' title=\"\" data-rl_title=\"\" class=\"rl-gallery-link\" data-rl_caption=\"\" data-rel=\"lightbox-gallery-1\"><img width=\"150\" height=\"113\" src=\"https:\/\/annalinea.hr\/wp-content\/uploads\/2014\/01\/DSC00048.jpg\" class=\"attachment-thumbnail size-thumbnail\" alt=\"\" loading=\"lazy\" \/><\/a>\n\t\t\t<\/dt><\/dl><br style=\"clear: both\" \/><dl class='gallery-item'>\n\t\t\t<dt class='gallery-icon landscape'>\n\t\t\t\t<a href='https:\/\/annalinea.hr\/wp-content\/uploads\/2014\/01\/DSC00044.jpg' title=\"\" data-rl_title=\"\" class=\"rl-gallery-link\" data-rl_caption=\"\" data-rel=\"lightbox-gallery-1\"><img width=\"150\" height=\"113\" src=\"https:\/\/annalinea.hr\/wp-content\/uploads\/2014\/01\/DSC00044.jpg\" class=\"attachment-thumbnail size-thumbnail\" alt=\"\" loading=\"lazy\" aria-describedby=\"gallery-1-1336\" \/><\/a>\n\t\t\t<\/dt>\n\t\t\t\t<dd class='wp-caption-text gallery-caption' id='gallery-1-1336'>\n\t\t\t\tpogled sa mora na Brse\u010d\n\t\t\t\t<\/dd><\/dl><dl class='gallery-item'>\n\t\t\t<dt class='gallery-icon landscape'>\n\t\t\t\t<a href='https:\/\/annalinea.hr\/wp-content\/uploads\/2014\/01\/Brsec-Kvarner1.jpg' title=\"\" data-rl_title=\"\" class=\"rl-gallery-link\" data-rl_caption=\"\" data-rel=\"lightbox-gallery-1\"><img width=\"150\" height=\"91\" src=\"https:\/\/annalinea.hr\/wp-content\/uploads\/2014\/01\/Brsec-Kvarner1.jpg\" class=\"attachment-thumbnail size-thumbnail\" alt=\"\" loading=\"lazy\" aria-describedby=\"gallery-1-1332\" \/><\/a>\n\t\t\t<\/dt>\n\t\t\t\t<dd class='wp-caption-text gallery-caption' id='gallery-1-1332'>\n\t\t\t\tBrse\u010d\n\t\t\t\t<\/dd><\/dl>\n\t\t\t<br style='clear: both' \/>\n\t\t<\/div>\n\n","protected":false},"excerpt":{"rendered":"<p>Srednjovjekovni duh grada, sa svojim uli\u010dicama i prolazima, sa\u010duvan je do dana\u0161njih dana. Najvi\u0161e gradskih ku\u0107a izgra\u0111eno je u 17. stolje\u0107u, dok zidine, utvrde i sam crkveni zvonik pripadaju ranom srednjem vijeku.<\/p>\n","protected":false},"author":3,"featured_media":1332,"parent":0,"menu_order":0,"comment_status":"closed","ping_status":"closed","template":"","meta":[],"_links":{"self":[{"href":"https:\/\/annalinea.hr\/index.php?rest_route=\/wp\/v2\/pages\/1401"}],"collection":[{"href":"https:\/\/annalinea.hr\/index.php?rest_route=\/wp\/v2\/pages"}],"about":[{"href":"https:\/\/annalinea.hr\/index.php?rest_route=\/wp\/v2\/types\/page"}],"author":[{"embeddable":true,"href":"https:\/\/annalinea.hr\/index.php?rest_route=\/wp\/v2\/users\/3"}],"replies":[{"embeddable":true,"href":"https:\/\/annalinea.hr\/index.php?rest_route=%2Fwp%2Fv2%2Fcomments&post=1401"}],"version-history":[{"count":13,"href":"https:\/\/annalinea.hr\/index.php?rest_route=\/wp\/v2\/pages\/1401\/revisions"}],"predecessor-version":[{"id":1404,"href":"https:\/\/annalinea.hr\/index.php?rest_route=\/wp\/v2\/pages\/1401\/revisions\/1404"}],"wp:featuredmedia":[{"embeddable":true,"href":"https:\/\/annalinea.hr\/index.php?rest_route=\/wp\/v2\/media\/1332"}],"wp:attachment":[{"href":"https:\/\/annalinea.hr\/index.php?rest_route=%2Fwp%2Fv2%2Fmedia&parent=1401"}],"curies":[{"name":"wp","href":"https:\/\/api.w.org\/{rel}","templated":true}]}}