{"id":11170,"date":"2018-05-24T10:57:21","date_gmt":"2018-05-24T09:57:21","guid":{"rendered":"http:\/\/annalinea.hr\/?page_id=11170"},"modified":"2020-04-14T10:39:59","modified_gmt":"2020-04-14T09:39:59","slug":"izjava-o-zastiti-privatnosti","status":"publish","type":"page","link":"https:\/\/annalinea.hr\/?page_id=11170","title":{"rendered":"Izjava o za\u0161titi privatnosti"},"content":{"rendered":"<p><strong>Za\u0161tita Va\u0161e privatnosti iznimno nam je va\u017ena. U nastavku je izjava o za\u0161titi privatnosti koja obja\u0161njava koje podatke prikupljamo i kako ih upotrebljavamo dok pristupate sadr\u017eaju na\u0161ih web stranica.<\/strong><\/p>\n<p>Pravila privatnosti koja po\u0161tujemo:<\/p>\n<ul>\n<li>Prilikom pregleda sadr\u017eaja na na\u0161im web stranicama ne prikupljamo osobne podatke, ili bilo koji podatak povezan sa konkretnim ure\u0111ajem kojeg koristite kada pristupate na\u0161im stranicama kao neregistrirani korisnik.<\/li>\n<li>Ne prikupljamo podatke o Va\u0161em identitetu kada preuzimate bilo kakvu dokumentaciju s na\u0161ih web stranica.<\/li>\n<li>Prikupljamo samo osnovne statisti\u010dke podatke o posjetima portalu bez navo\u0111enja bilo kojeg osobnog podatka, ne pratimo kretanje korisnika.<\/li>\n<li>Nismo povezani s tre\u0107im stranama ili web-servisima, ne prodajemo, mijenjamo ili na neki drugi na\u010din prenosimo tre\u0107im stranama Va\u0161e osobne podatke ili podatke vezane uz kori\u0161tenje na\u0161ih stranica ili na\u0161ih servisa.<\/li>\n<li>U slu\u010daju kada trebamo Va\u0161e podatke radi identifikacije i kontakta, iste \u0107emo zatra\u017eiti i koristiti isklju\u010divo uz Va\u0161u suglasnost, a o \u010demu mo\u017eemo voditi uzajamnu evidenciju. Podatke koje prikupimo koristit \u0107emo samo u cilju ostvarivanja i evidentiranja komunikacije s Vama, osim ako je prikupljanje informacija propisano zakonom.<\/li>\n<li>Na\u0161i proizvodi ne sadr\u017ee skrivene linkove na druge web stranice osim na slu\u017ebenu stranicu na\u0161e tvrtke, osim ako se radi o sadr\u017eaju koji je nu\u017eno potreban radi ostvarivanja ugovornih obveza.<\/li>\n<li>Na Va\u0161 zahtjev bri\u0161emo sve podatke koje imamo o Vama sukladno GDPR pravilniku. Zahtjev za brisanje podataka mo\u017eete nam uputiti na mail <a href=\"mailto:info@annalinea.hr\">info@annalinea.hr<\/a><\/li>\n<li>Na Va\u0161 zahtjev dostavljamo Vam sve podatke koje imamo o Vama sukladno GDPR pravilniku. Zahtjev za dostavu podataka mo\u017eete nam uputiti putem maila <a href=\"mailto:info@annalinea.hr\">info@annalinea.hr<\/a><\/li>\n<\/ul>\n<p>Pridr\u017eavamo pravo izmjene ove izjave o za\u0161titi privatnosti u slu\u010daju potrebe. Preporu\u010damo da povremeno provjeravate sadr\u017eaj ove izjave o za\u0161titi privatnosti. Ukoliko imate dodatnih pitanja o za\u0161titi privatnosti prilikom kori\u0161tenja na\u0161ih proizvoda, molimo kontaktirajte nas putem <a href=\"mailto:info@annalinea.hr\">info@annalinea.hr<\/a><\/p>\n","protected":false},"excerpt":{"rendered":"<p>Za\u0161tita Va\u0161e privatnosti iznimno nam je va\u017ena. U nastavku je izjava o za\u0161titi privatnosti koja obja\u0161njava koje podatke prikupljamo i kako ih upotrebljavamo dok pristupate sadr\u017eaju na\u0161ih web stranica. Pravila privatnosti koja po\u0161tujemo: Prilikom&#46;&#46;&#46;<\/p>\n","protected":false},"author":1,"featured_media":0,"parent":0,"menu_order":0,"comment_status":"closed","ping_status":"closed","template":"","meta":[],"_links":{"self":[{"href":"https:\/\/annalinea.hr\/index.php?rest_route=\/wp\/v2\/pages\/11170"}],"collection":[{"href":"https:\/\/annalinea.hr\/index.php?rest_route=\/wp\/v2\/pages"}],"about":[{"href":"https:\/\/annalinea.hr\/index.php?rest_route=\/wp\/v2\/types\/page"}],"author":[{"embeddable":true,"href":"https:\/\/annalinea.hr\/index.php?rest_route=\/wp\/v2\/users\/1"}],"replies":[{"embeddable":true,"href":"https:\/\/annalinea.hr\/index.php?rest_route=%2Fwp%2Fv2%2Fcomments&post=11170"}],"version-history":[{"count":2,"href":"https:\/\/annalinea.hr\/index.php?rest_route=\/wp\/v2\/pages\/11170\/revisions"}],"predecessor-version":[{"id":11172,"href":"https:\/\/annalinea.hr\/index.php?rest_route=\/wp\/v2\/pages\/11170\/revisions\/11172"}],"wp:attachment":[{"href":"https:\/\/annalinea.hr\/index.php?rest_route=%2Fwp%2Fv2%2Fmedia&parent=11170"}],"curies":[{"name":"wp","href":"https:\/\/api.w.org\/{rel}","templated":true}]}}